{"id":4272,"date":"2025-07-16T17:02:33","date_gmt":"2025-07-16T15:02:33","guid":{"rendered":"https:\/\/elbgraphen.siunis.de\/?page_id=4272"},"modified":"2026-03-23T17:17:01","modified_gmt":"2026-03-23T16:17:01","slug":"impressum","status":"publish","type":"page","link":"https:\/\/www.siunis.de\/en\/imprint\/","title":{"rendered":"Imprint"},"content":{"rendered":"<h1>Impressum<\/h1>\n<div>\n<h3><strong>Angaben gem\u00e4\u00df \u00a7 5 TMG:<\/strong><\/h3>\n<p>KORN GmbH<br \/>Wittenmoor 36<br \/>22525 Hamburg<\/p>\n<p>\u200d<\/p>\n<h4>Vertreten durch:<\/h4>\n<p>Moritz Haltermann<\/p>\n<p>\u200d<\/p>\n<h4>Kontakt:<\/h4>\n<p>Telefon: +49 40 317670-0<br \/>Telefax: +49 40 317670-33<br \/>E-Mail: info@korn-gmbh.de<\/p>\n<p>\u200d<\/p>\n<h4>Registereintrag:<\/h4>\n<p>Eintragung im Handelsregister.<br \/>Registergericht: Hamburg<br \/>Registernummer: 28283<\/p>\n<p>\u200d<\/p>\n<h4>Umsatzsteuer-ID:<\/h4>\n<p>Umsatzsteuer-Identifikationsnummer gem\u00e4\u00df \u00a727 a Umsatzsteuergesetz:<br \/>DE118601613<\/p>\n<p>\u200d<\/p>\n<h4>Verantwortlich f\u00fcr den Inhalt nach \u00a7 55 Abs. 2 RStV:<\/h4>\n<p>Moritz Haltermann<\/p>\n<p>\u200d<\/p>\n<h4>Haftungsausschluss (Disclaimer):<\/h4>\n<p>\u200d<strong>Urheberrecht<\/strong><\/p>\n<p>Die durch die Seitenbetreiber erstellten Inhalte und Werke auf diesen Seiten unterliegen dem deutschen Urheberrecht. Die Vervielf\u00e4ltigung, Bearbeitung, Verbreitung und jede Art der Verwertung au\u00dferhalb der Grenzen des Urheberrechtes bed\u00fcrfen der schriftlichen Zustimmung des jeweiligen Autors bzw. Erstellers. Downloads und Kopien dieser Seite sind nur f\u00fcr den privaten, nicht kommerziellen Gebrauch gestattet. Soweit die Inhalte auf dieser Seite nicht vom Betreiber erstellt wurden, werden die Urheberrechte Dritter beachtet. Insbesondere werden Inhalte Dritter als solche gekennzeichnet. Sollten Sie trotzdem auf eine Urheberrechtsverletzung aufmerksam werden, bitten wir um einen entsprechenden Hinweis. Bei Bekanntwerden von Rechtsverletzungen werden wir derartige Inhalte umgehend entfernen.<\/p>\n<h4><\/h4>\n<h4>Konzeption, Gestaltung und technische Umsetzung:<\/h4>\n<p>elbgraphen GmbH<br \/>Werbeagentur<br \/><a href=\"http:\/\/www.elbgraphen.de\" target=\"_blank\" rel=\"noopener\">www.elbgraphen.de<\/a><\/p>\n<\/p>\n<h4><strong>Fotos<\/strong><\/h4>\n<p><strong>Adobe Stock<\/strong><\/p>\n<p>AdobeStock_164677194.jpeg<br \/>AdobeStock_431672907.jpeg<br \/>AdobeStock_502705690.jpeg<br \/>AdobeStock_617697986.jpeg<br \/>AdobeStock_958741300.jpeg<br \/>AdobeStock_967188042.jpeg<\/p>\n<p><strong>Freepik.com<\/strong><\/p>\n<p>office-desktop-with-laptop-mobile-phone.jpg<\/p>\n<p>Restliche Bilder: Korn GmbH<\/p>\n<\/div>\n<p><!--more--><br \/>\n<!-- {\"type\":\"layout\",\"children\":[{\"type\":\"section\",\"props\":{\"animation\":\"slide-left-medium\",\"animation_delay\":\"200\",\"css\":\"@media only screen and (max-width: 600px) {\\n  .el-section {\\n    max-height:300px;\\n  }\\n}\",\"height\":\"pixels\",\"height_viewport\":580,\"image\":\"wp-content\/uploads\/2025\/08\/SIUNIS_Header_dokumentation_2.jpg\",\"image_position\":\"center-center\",\"image_size\":\"cover\",\"style\":\"default\",\"title_breakpoint\":\"xl\",\"title_position\":\"top-left\",\"title_rotation\":\"left\",\"vertical_align\":\"middle\",\"width\":\"\"},\"children\":[{\"type\":\"row\",\"children\":[{\"type\":\"column\",\"props\":{\"image_position\":\"center-center\",\"position_sticky_breakpoint\":\"m\"}}],\"props\":{\"width\":\"default\"}}],\"name\":\"Headerbild\"},{\"type\":\"section\",\"props\":{\"image_position\":\"center-center\",\"style\":\"default\",\"title_breakpoint\":\"xl\",\"title_position\":\"top-left\",\"title_rotation\":\"left\",\"vertical_align\":\"middle\",\"width\":\"default\"},\"children\":[{\"type\":\"row\",\"children\":[{\"type\":\"column\",\"props\":{\"image_position\":\"center-center\",\"position_sticky_breakpoint\":\"m\"},\"children\":[{\"type\":\"headline\",\"props\":{\"content\":\"Impressum\",\"content_en_gb\":\"Imprint\",\"content_es_es\":\"Aviso legal\",\"content_fr_fr\":\"Mentions l\u00e9gales\",\"image_align\":\"left\",\"image_margin\":\"xsmall\",\"title_element\":\"h1\"}},{\"type\":\"text\",\"props\":{\"column_breakpoint\":\"m\",\"content\":\"\n\n<h3><strong>Angaben gem\u00e4\u00df \u00a7 5 TMG:<\/strong><\/h3>\n\n\\n\n\n<p>KORN GmbH<br \/>Wittenmoor 36<br \/>22525 Hamburg<\/p>\n\n\\n\n\n<p>\u200d<\/p>\n\n\\n\n\n<h4>Vertreten durch:<\/h4>\n\n\\n\n\n<p>Moritz Haltermann<\/p>\n\n\\n\n\n<p>\u200d<\/p>\n\n\\n\n\n<h4>Kontakt:<\/h4>\n\n\\n\n\n<p>Telefon: +49 40 317670-0<br \/>Telefax: +49 40 317670-33<br \/>E-Mail: info@korn-gmbh.de<\/p>\n\n\\n\n\n<p>\u200d<\/p>\n\n\\n\n\n<h4>Registereintrag:<\/h4>\n\n\\n\n\n<p>Eintragung im Handelsregister.<br \/>Registergericht: Hamburg<br \/>Registernummer: 28283<\/p>\n\n\\n\n\n<p>\u200d<\/p>\n\n\\n\n\n<h4>Umsatzsteuer-ID:<\/h4>\n\n\\n\n\n<p>Umsatzsteuer-Identifikationsnummer gem\u00e4\u00df \u00a727 a Umsatzsteuergesetz:<br \/>DE118601613<\/p>\n\n\\n\n\n<p>\u200d<\/p>\n\n\\n\n\n<h4>Verantwortlich f\u00fcr den Inhalt nach \u00a7 55 Abs. 2 RStV:<\/h4>\n\n\\n\n\n<p>Moritz Haltermann<\/p>\n\n\\n\n\n<p>\u200d<\/p>\n\n\\n\n\n<h4>Haftungsausschluss (Disclaimer):<\/h4>\n\n\\n\n\n<p>\u200d<strong>Urheberrecht<\/strong><\/p>\n\n\\n\n\n<p>Die durch die Seitenbetreiber erstellten Inhalte und Werke auf diesen Seiten unterliegen dem deutschen Urheberrecht. Die Vervielf\u00e4ltigung, Bearbeitung, Verbreitung und jede Art der Verwertung au\u00dferhalb der Grenzen des Urheberrechtes bed\u00fcrfen der schriftlichen Zustimmung des jeweiligen Autors bzw. Erstellers. Downloads und Kopien dieser Seite sind nur f\u00fcr den privaten, nicht kommerziellen Gebrauch gestattet. Soweit die Inhalte auf dieser Seite nicht vom Betreiber erstellt wurden, werden die Urheberrechte Dritter beachtet. Insbesondere werden Inhalte Dritter als solche gekennzeichnet. Sollten Sie trotzdem auf eine Urheberrechtsverletzung aufmerksam werden, bitten wir um einen entsprechenden Hinweis. Bei Bekanntwerden von Rechtsverletzungen werden wir derartige Inhalte umgehend entfernen.<\/p>\n\n\\n\n\n<h4><\/h4>\n\n\\n\n\n<h4>Konzeption, Gestaltung und technische Umsetzung:<\/h4>\n\n\\n\n\n<p>elbgraphen GmbH<br \/>Werbeagentur<br \/><a href=\\\"http:\/\/www.elbgraphen.de\\\">www.elbgraphen.de<\/a><\/p>\n\n\\n\n\n\n\n\\n\n\n<h4><strong>Fotos<\/strong><\/h4>\n\n\\n\n\n<p><strong>Adobe Stock<\/strong><\/p>\n\n\\n\n\n<p>AdobeStock_164677194.jpeg<br \/>AdobeStock_431672907.jpeg<br \/>AdobeStock_502705690.jpeg<br \/>AdobeStock_617697986.jpeg<br \/>AdobeStock_958741300.jpeg<br \/>AdobeStock_967188042.jpeg\n\n<\/p>\n\n\\n\n\n<p><strong>Freepik.com<\/strong><\/p>\n\n\\n\n\n<p>office-desktop-with-laptop-mobile-phone.jpg<\/p>\n\n\\n\n\n<p>Restliche Bilder: Korn GmbH<\/p>\n\n\",\"content_en_gb\":\"\n\n<h3>Site Notice<\/h3>\n\n\\n\n\n<p><span>KORN GmbH<\/span><br \/><span>Wittenmoor 36<\/span><br \/><span>22525 Hamburg<\/span><\/p>\n\n\\n\n\n<p>Commercial Register: HRB <span>28283<\/span><br \/>Registration court: Amtsgericht <span>Hamburg<\/span><\/p>\n\n\\n\n\n<p><strong>Represented by:<\/strong><br \/><span>Moritz Haltermann<\/span><\/p>\n\n\\n\n\n\n\n\\n\n\n<h2>Contact<\/h2>\n\n\\n\n\n<p>Phone: <span>+49 40 317670-0<\/span><br \/>Telefax: <span>+49 40 317670-33<\/span><br \/>E-mail: <span>info@korn-gmbh.de<\/span><\/p>\n\n\\n\n\n<h2>VAT ID<\/h2>\n\n\\n\n\n<p>Sales tax identification number according to Sect. 27 a of the Sales Tax Law:<br \/><span>DE118601613<\/span><\/p>\n\n\\n\n\n<h4>Responsible for content in accordance with \u00a7 55 para. 2 RStV:<\/h4>\n\n\\n\n\n<p>Moritz Haltermann<\/p>\n\n\\n\n\n<p>\u200d<\/p>\n\n\\n\n\n<h4>Disclaimer:<\/h4>\n\n\\n\n\n<p>Copyright<\/p>\n\n\\n\n\n<p>The content and works on these pages created by the site operators are subject to German copyright law. The reproduction, editing, distribution, and any kind of use outside the limits of copyright law require the written consent of the respective author or creator. Downloads and copies of this site are only permitted for private, non-commercial use. Insofar as the content on this site was not created by the operator, the copyrights of third parties are respected. In particular, third-party content is identified as such. Should you nevertheless become aware of a copyright infringement, please inform us accordingly. If we become aware of any infringements, we will remove such content immediately.<\/p>\n\n\\n\n\n<h4><\/h4>\n\n\\n\n\n<h4>Concept, design and technical implementation:<\/h4>\n\n\\n\n\n<p>elbgraphen GmbH<br \/>Werbeagentur<br \/><a href=\\\"http:\/\/www.elbgraphen.de\\\">www.elbgraphen.de<\/a><\/p>\n\n\\n\n\n<h4><strong>Photos<\/strong><\/h4>\n\n\\n\n\n<p><strong>Adobe Stock<\/strong><\/p>\n\n\\n\n\n<p>AdobeStock_164677194.jpeg<br \/>AdobeStock_431672907.jpeg<br \/>AdobeStock_502705690.jpeg<br \/>AdobeStock_617697986.jpeg<br \/>AdobeStock_958741300.jpeg<br \/>AdobeStock_967188042.jpeg\n\n<\/p>\n\n\\n\n\n<p><strong>Freepik.com<\/strong><\/p>\n\n\\n\n\n<p>office-desktop-with-laptop-mobile-phone.jpg<\/p>\n\n\\n\n\n<p>Remaining images: Korn GmbH<\/p>\n\n\",\"content_es_es\":\"\n\n<p><strong>Aviso legal<\/strong><\/p>\n\n\\n\n\n<p><strong>Datos seg\u00fan el art\u00edculo 5 de la Ley alemana de servicios de telecomunicaciones (TMG):<\/strong><\/p>\n\n\\n\n\n<p>KORN GmbH<\/p>\n\n\\n\n\n<p>Wittenmoor 36<\/p>\n\n\\n\n\n<p>22525 Hamburgo<\/p>\n\n\\n\n\n<p>\u200d<\/p>\n\n\\n\n\n<p><strong>Representada por:<\/strong><\/p>\n\n\\n\n\n<p>Moritz Haltermann<\/p>\n\n\\n\n\n<p>\u200d<\/p>\n\n\\n\n\n<p><strong>Contacto:<\/strong><\/p>\n\n\\n\n\n<p>Tel\u00e9fono: +49 40 317670-0<\/p>\n\n\\n\n\n<p>Fax: +49 40 317670-33<\/p>\n\n\\n\n\n<p>Correo electr\u00f3nico: info@korn-gmbh.de<\/p>\n\n\\n\n\n<p>\u200d<\/p>\n\n\\n\n\n<p><strong>Inscripci\u00f3n en el registro:<\/strong><\/p>\n\n\\n\n\n<p>Inscripci\u00f3n en el Registro Mercantil.<\/p>\n\n\\n\n\n<p>Tribunal de registro: Hamburgo<\/p>\n\n\\n\n\n<p>N\u00famero de registro: 28283<\/p>\n\n\\n\n\n<p>\u200d<\/p>\n\n\\n\n\n<p><strong>N\u00famero de identificaci\u00f3n fiscal:<\/strong><\/p>\n\n\\n\n\n<p>N\u00famero de identificaci\u00f3n fiscal seg\u00fan el art\u00edculo 27 a de la Ley del Impuesto sobre el Valor A\u00f1adido:<\/p>\n\n\\n\n\n<p>DE118601613<\/p>\n\n\\n\n\n<p>\u200d<\/p>\n\n\\n\n\n<p><strong>Responsable del contenido seg\u00fan el art\u00edculo 55, apartado 2, del RStV:<\/strong><\/p>\n\n\\n\n\n<p>Moritz Haltermann<\/p>\n\n\\n\n\n<p>\u200d<\/p>\n\n\\n\n\n<p><strong>Exenci\u00f3n de responsabilidad (Disclaimer):<\/strong><\/p>\n\n\\n\n\n<p>\u200d<strong>Derechos de autor<\/strong><\/p>\n\n\\n\n\n<p>Los contenidos y obras creados por los administradores del sitio web y que aparecen en estas p\u00e1ginas est\u00e1n sujetos a la legislaci\u00f3n alemana en materia de derechos de autor. La reproducci\u00f3n, edici\u00f3n, distribuci\u00f3n y cualquier tipo de explotaci\u00f3n fuera de los l\u00edmites de los derechos de autor requieren el consentimiento por escrito del autor o creador correspondiente. Las descargas y copias de esta p\u00e1gina solo est\u00e1n permitidas para uso privado y no comercial. En la medida en que los contenidos de esta p\u00e1gina no hayan sido creados por el operador, se respetan los derechos de autor de terceros. En particular, los contenidos de terceros se identifican como tales. No obstante, si detecta alguna infracci\u00f3n de los derechos de autor, le rogamos que nos lo comunique. Tan pronto como tengamos conocimiento de cualquier infracci\u00f3n, eliminaremos dichos contenidos de inmediato.<\/p>\n\n\\n\n\n<p><strong>Concepto, dise\u00f1o y realizaci\u00f3n t\u00e9cnica:<\/strong><\/p>\n\n\\n\n\n<p>elbgraphen GmbH<\/p>\n\n\\n\n\n<p>Agencia de publicidad<\/p>\n\n\\n\n\n<p><a href=\\\"http:\/\/www.elbgraphen.de\/\\\">www.elbgraphen.de<\/a><\/p>\n\n\\n\n\n<p><strong>Fotos<\/strong><\/p>\n\n\\n\n\n<p><strong>Adobe Stock<\/strong><\/p>\n\n\\n\n\n<p>AdobeStock_164677194.jpeg<\/p>\n\n\\n\n\n<p>AdobeStock_431672907.jpeg<\/p>\n\n\\n\n\n<p>AdobeStock_502705690.jpeg<\/p>\n\n\\n\n\n<p>AdobeStock_617697986.jpeg<\/p>\n\n\\n\n\n<p>AdobeStock_958741300.jpeg<\/p>\n\n\\n\n\n<p>AdobeStock_967188042.jpeg<\/p>\n\n\\n\n\n\n\n\\n\n\n<p><strong>Freepik.com<\/strong><\/p>\n\n\\n\n\n<p>office-desktop-with-laptop-mobile-phone.jpg<\/p>\n\n\\n\n\n<p>Resto de im\u00e1genes: Korn GmbH<\/p>\n\n\",\"content_fr_fr\":\"\n\n<p><strong>Mentions l\u00e9gales<\/strong><\/p>\n\n\\n\n\n<p><strong>Informations conform\u00e9ment \u00e0 l'article 5 de la loi allemande sur les t\u00e9l\u00e9m\u00e9dias (TMG) :<\/strong><\/p>\n\n\\n\n\n<p>KORN GmbH<\/p>\n\n\\n\n\n<p>Wittenmoor 36<\/p>\n\n\\n\n\n<p>22525 Hambourg<\/p>\n\n\\n\n\n<p>\u200d<\/p>\n\n\\n\n\n<p><strong>Repr\u00e9sent\u00e9e par :<\/strong><\/p>\n\n\\n\n\n<p>Moritz Haltermann<\/p>\n\n\\n\n\n<p>\u200d<\/p>\n\n\\n\n\n<p><strong>Contact :<\/strong><\/p>\n\n\\n\n\n<p>T\u00e9l\u00e9phone : +49 40 317670-0<\/p>\n\n\\n\n\n<p>Fax : +49 40 317670-33<\/p>\n\n\\n\n\n<p>E-mail : info@korn-gmbh.de<\/p>\n\n\\n\n\n<p>\u200d<\/p>\n\n\\n\n\n<p><strong>Inscription au registre :<\/strong><\/p>\n\n\\n\n\n<p>Inscription au registre du commerce.<\/p>\n\n\\n\n\n<p>Tribunal d'enregistrement : Hambourg<\/p>\n\n\\n\n\n<p>Num\u00e9ro d'enregistrement : 28283<\/p>\n\n\\n\n\n<p>\u200d<\/p>\n\n\\n\n\n<p><strong>Num\u00e9ro d'identification TVA :<\/strong><\/p>\n\n\\n\n\n<p>Num\u00e9ro d'identification TVA conform\u00e9ment au \u00a7 27 a de la loi allemande sur la TVA :<\/p>\n\n\\n\n\n<p>DE118601613<\/p>\n\n\\n\n\n<p>\u200d<\/p>\n\n\\n\n\n<p><strong>Responsable du contenu conform\u00e9ment au \u00a7 55 al. 2 du RStV :<\/strong><\/p>\n\n\\n\n\n<p>Moritz Haltermann<\/p>\n\n\\n\n\n<p>\u200d<\/p>\n\n\\n\n\n<p><strong>Clause de non-responsabilit\u00e9 (Disclaimer) :<\/strong><\/p>\n\n\\n\n\n<p>\u200d<strong>Droit d'auteur<\/strong><\/p>\n\n\\n\n\n<p>Les contenus et \u0153uvres cr\u00e9\u00e9s par les exploitants du site et figurant sur ces pages sont soumis au droit d'auteur allemand. La reproduction, l'adaptation, la diffusion et toute forme d'exploitation en dehors des limites du droit d'auteur n\u00e9cessitent l'accord \u00e9crit de l'auteur ou du cr\u00e9ateur concern\u00e9. Les t\u00e9l\u00e9chargements et copies de ce site ne sont autoris\u00e9s qu'\u00e0 des fins priv\u00e9es et non commerciales. Dans la mesure o\u00f9 les contenus de ce site n'ont pas \u00e9t\u00e9 cr\u00e9\u00e9s par l'exploitant, les droits d'auteur de tiers sont respect\u00e9s. Les contenus de tiers sont notamment signal\u00e9s comme tels. Si vous constatez n\u00e9anmoins une violation du droit d'auteur, nous vous prions de nous en informer. D\u00e8s que nous aurons connaissance de violations de la loi, nous supprimerons imm\u00e9diatement ces contenus.<\/p>\n\n\\n\n\n<p><strong>Conception, mise en page et r\u00e9alisation technique :<\/strong><\/p>\n\n\\n\n\n<p>elbgraphen GmbH<\/p>\n\n\\n\n\n<p>Agence de publicit\u00e9<\/p>\n\n\\n\n\n<p><a href=\\\"http:\/\/www.elbgraphen.de\/\\\">www.elbgraphen.de<\/a><\/p>\n\n\\n\n\n<p><strong>Photos<\/strong><\/p>\n\n\\n\n\n<p><strong>Adobe Stock<\/strong><\/p>\n\n\\n\n\n<p>AdobeStock_164677194.jpeg<\/p>\n\n\\n\n\n<p>AdobeStock_431672907.jpeg<\/p>\n\n\\n\n\n<p>AdobeStock_502705690.jpeg<\/p>\n\n\\n\n\n<p>AdobeStock_617697986.jpeg<\/p>\n\n\\n\n\n<p>AdobeStock_958741300.jpeg<\/p>\n\n\\n\n\n<p>AdobeStock_967188042.jpeg<\/p>\n\n\\n\n\n\n\n\\n\n\n<p><strong>Freepik.com<\/strong><\/p>\n\n\\n\n\n<p>office-desktop-with-laptop-mobile-phone.jpg<\/p>\n\n\\n\n\n<p>Autres images : Korn GmbH<\/p>\n\n\\n\n\n\n\n\",\"margin_bottom\":\"default\",\"margin_top\":\"default\"}}]}]}]}],\"version\":\"5.0.23\"} --><\/p>\n","protected":false},"excerpt":{"rendered":"<p>Impressum Angaben gem\u00e4\u00df \u00a7 5 TMG: KORN GmbHWittenmoor 3622525 Hamburg \u200d Vertreten durch: Moritz Haltermann \u200d Kontakt: Telefon: +49 40 317670-0Telefax: +49 40 317670-33E-Mail: info@korn-gmbh.de \u200d Registereintrag: Eintragung im Handelsregister.Registergericht: HamburgRegisternummer: 28283 \u200d Umsatzsteuer-ID: Umsatzsteuer-Identifikationsnummer gem\u00e4\u00df \u00a727 a Umsatzsteuergesetz:DE118601613 \u200d Verantwortlich f\u00fcr den Inhalt nach \u00a7 55 Abs. 2 RStV: Moritz Haltermann \u200d Haftungsausschluss (Disclaimer): [&hellip;]<\/p>\n","protected":false},"author":4,"featured_media":0,"parent":0,"menu_order":0,"comment_status":"closed","ping_status":"closed","template":"","meta":{"footnotes":""},"class_list":["post-4272","page","type-page","status-publish","hentry"],"_links":{"self":[{"href":"https:\/\/www.siunis.de\/en\/wp-json\/wp\/v2\/pages\/4272","targetHints":{"allow":["GET"]}}],"collection":[{"href":"https:\/\/www.siunis.de\/en\/wp-json\/wp\/v2\/pages"}],"about":[{"href":"https:\/\/www.siunis.de\/en\/wp-json\/wp\/v2\/types\/page"}],"author":[{"embeddable":true,"href":"https:\/\/www.siunis.de\/en\/wp-json\/wp\/v2\/users\/4"}],"replies":[{"embeddable":true,"href":"https:\/\/www.siunis.de\/en\/wp-json\/wp\/v2\/comments?post=4272"}],"version-history":[{"count":19,"href":"https:\/\/www.siunis.de\/en\/wp-json\/wp\/v2\/pages\/4272\/revisions"}],"predecessor-version":[{"id":4773,"href":"https:\/\/www.siunis.de\/en\/wp-json\/wp\/v2\/pages\/4272\/revisions\/4773"}],"wp:attachment":[{"href":"https:\/\/www.siunis.de\/en\/wp-json\/wp\/v2\/media?parent=4272"}],"curies":[{"name":"wp","href":"https:\/\/api.w.org\/{rel}","templated":true}]}}