{"id":4016,"date":"2025-07-07T19:45:51","date_gmt":"2025-07-07T17:45:51","guid":{"rendered":"https:\/\/elbgraphen.siunis.de\/?page_id=4016"},"modified":"2026-03-24T13:20:11","modified_gmt":"2026-03-24T12:20:11","slug":"weitere","status":"publish","type":"page","link":"https:\/\/www.siunis.de\/en\/industrial-plants\/other-plants\/","title":{"rendered":"Other plants"},"content":{"rendered":"<h1>Anlagen Monitoring f\u00fcr Spezialanlagen<\/h1>\n<h2>Individuell dokumentieren &amp; \u00fcberwachen<\/h2>\n<div>\n<p>        <img decoding=\"async\" src=\"\/wp-content\/uploads\/2025\/06\/Dummy-Team.jpg\" alt=\"\"><\/p>\n<h6>Alexander Kirchner<\/h6>\n<\/div>\n<div>\n<div class=\"uk-button-group\">\n    <a href=\"tel:+49403176700\" class=\"uk-button uk-button-default uk-button-small uk-flex-inline uk-flex-center uk-flex-middle\">+49 40 31 76 700<\/a><\/p>\n<div class=\"uk-inline\">\n        <a href=\"mailto:a.kirchner@siunis.de\" class=\"uk-button uk-button-default uk-button-small\" type=\"button\"><span uk-icon=\"icon: mail; ratio: 1.2\"><\/span><\/a>\n    <\/div>\n<\/div>\n<\/div>\n<div>\n<p><strong>Ob Sonderanlagen oder weniger verbreitete Systeme \u2013 mit SIUNIS k\u00f6nnen Industrieanlagen verschiedener Branchen \u00fcberwacht, dokumentiert und analysiert werden. Die L\u00f6sung wird auf Ihre technischen Anforderungen abgestimmt.<\/strong><\/p>\n<p>Nicht jede Industrieanlage l\u00e4sst sich in eine Standardkategorie einordnen \u2013 aber jede braucht zuverl\u00e4ssiges Monitoring. Mit SIUNIS dokumentieren und analysieren Sie auch spezielle oder komplexe Anlagentypen strukturiert und gesetzeskonform. Ob Grenzwert\u00fcberwachung, Auswertung von Betriebsdaten oder die Vorbereitung auf Pr\u00fcfungen: Die Software wird an Ihre spezifischen Anforderungen und gesetzlichen Vorgaben angepasst.<\/p>\n<p>Kontaktieren Sie uns, damit wir gemeinsam Ihre Prozesse abbilden und eine passgenaue L\u00f6sung entwickeln k\u00f6nnen.<\/p>\n<\/div>\n<p><p>\n        <a href=\"\/demo-anfordern\/\">Jetzt Demo anfordern<\/a>\n    <\/p>\n<\/p>\n<div>\n<\/div>\n<h3>Individuell dokumentieren &amp; \u00fcberwachen<\/h3>\n<h4>Messwerte strukturiert erfassen, auswerten, \u00fcberwachen &amp; optimieren<\/h4>\n<ul>\n<li>\n<h4>Modularer Aufbau:<\/h4>\n<div>SIUNIS ist vollst\u00e4ndig modular konzipiert und l\u00e4sst sich individuell an unterschiedlichste Anlagenstrukturen und Messwerte anpassen.<\/div>\n<\/li>\n<li>\n<h4>Freie Kombinierbarkeit aller Elemente:<\/h4>\n<div>Alle Systemkomponenten sind beliebig kombinierbar \u2013 f\u00fcr maximale Flexibilit\u00e4t bei der Systemgestaltung.<\/div>\n<\/li>\n<li>\n<h4>Umfangreiche Messpunkt-Erfassung:<\/h4>\n<div>Mehr als 100 verschiedene Messpunkte und Einheiten k\u00f6nnen flexibel abgebildet und \u00fcberwacht werden.<\/div>\n<\/li>\n<li>\n<h4>Darstellung komplexester Anlagenstrukturen:<\/h4>\n<div>Selbst die anspruchsvollsten Anlagenkonfigurationen k\u00f6nnen m\u00fchelos und \u00fcbersichtlich visualisiert werden.<\/div>\n<\/li>\n<li>\n<h4>Struktur f\u00fcr h\u00f6chste Komplexit\u00e4t:<\/h4>\n<div>Die Systemarchitektur erm\u00f6glicht die Abbildung komplexer Systeme mit mehreren Ebenen \u2013 ideal f\u00fcr anspruchsvolle Anwendungen.<\/div>\n<\/li>\n<li>\n<h4>System\u00fcbergreifende Auswertungen:<\/h4>\n<div>Berechnungen und Analysen erfolgen \u00fcber anpassbare Module \u2013 strukturell und systemseitig \u00fcbergreifend.<\/div>\n<\/li>\n<li>\n<h4>Individuell oder per Template:<\/h4>\n<div>Ob ma\u00dfgeschneidert oder auf Basis vordefinierter Templates: Die Systemstruktur l\u00e4sst sich exakt nach Ihren Anforderungen erstellen.<\/div>\n<\/li>\n<li>\n<h4>Maximale Auswertungsfreiheit:<\/h4>\n<div>Auswertungen lassen sich v\u00f6llig frei gestalten \u2013 exakt abgestimmt auf Ihre individuellen Anforderungen und Zielsetzungen.<\/div>\n<\/li>\n<li>\n<h4>Anpassbare Grenzwerte und Fahrweisen:<\/h4>\n<div>F\u00fcr jeden einzelnen Messpunkt lassen sich individuelle Grenzwerte, Fahrweisen sowie Eskalationsstufen und Meldeketten definieren.<\/div>\n<\/li>\n<li>\n<h4> <\/h4>\n<div> <\/div>\n<p><a href=\"\/demo-anfordern\/\">Jetzt Demo anfordern<\/a><\/p>\n<\/li>\n<\/ul>\n<p><!--more--><br \/>\n<!-- {\"type\":\"layout\",\"children\":[{\"type\":\"section\",\"props\":{\"animation\":\"slide-left-medium\",\"animation_delay\":\"200\",\"css\":\"@media only screen and (max-width: 600px) {\\n  .el-section {\\n    max-height:300px;\\n  }\\n}\",\"height\":\"pixels\",\"height_viewport\":580,\"image\":\"wp-content\/uploads\/2025\/07\/Header-weitere-scaled.jpg\",\"image_position\":\"center-center\",\"image_size\":\"cover\",\"style\":\"default\",\"title_breakpoint\":\"xl\",\"title_position\":\"top-left\",\"title_rotation\":\"left\",\"vertical_align\":\"middle\",\"width\":\"\"},\"children\":[{\"type\":\"row\",\"children\":[{\"type\":\"column\",\"props\":{\"image_position\":\"center-center\",\"position_sticky_breakpoint\":\"m\"}}],\"props\":{\"width\":\"default\"}}],\"name\":\"Headerbild\"},{\"type\":\"section\",\"props\":{\"animation\":\"slide-left-medium\",\"animation_delay\":\"200\",\"image_position\":\"center-center\",\"padding_bottom\":\"none\",\"style\":\"default\",\"title_breakpoint\":\"xl\",\"title_position\":\"top-left\",\"title_rotation\":\"left\",\"vertical_align\":\"middle\",\"width\":\"default\"},\"children\":[{\"type\":\"row\",\"children\":[{\"type\":\"column\",\"props\":{\"image_position\":\"center-center\",\"position_sticky_breakpoint\":\"m\"},\"children\":[{\"type\":\"headline\",\"props\":{\"content\":\"Anlagen Monitoring f\u00fcr Spezialanlagen\",\"content_en_gb\":\"Plant monitoring for special plants\",\"content_es_es\":\"Monitorizaci\u00f3n de instalaciones para instalaciones especiales\",\"content_fr_fr\":\"Surveillance des installations sp\u00e9ciales\",\"image_align\":\"left\",\"image_margin\":\"xsmall\",\"text_align\":\"center\",\"title_element\":\"h1\",\"title_style\":\"h3\"}},{\"type\":\"headline\",\"props\":{\"content\":\"Individuell dokumentieren &amp; \u00fcberwachen\",\"content_en_gb\":\"Individual documentation &amp; monitoring\",\"content_es_es\":\"Documentaci\u00f3n y monitorizaci\u00f3n individualizadas\",\"content_fr_fr\":\"Documentation et surveillance personnalis\u00e9es\",\"image_align\":\"left\",\"image_margin\":\"xsmall\",\"margin_bottom\":\"medium\",\"margin_top\":\"remove\",\"text_align\":\"center\",\"title_element\":\"h2\"}}]}]}],\"name\":\"H1, H2\"},{\"type\":\"section\",\"props\":{\"animation\":\"slide-left-medium\",\"animation_delay\":\"200\",\"image_position\":\"center-center\",\"padding_bottom\":\"small\",\"padding_top\":\"small\",\"style\":\"default\",\"title_breakpoint\":\"xl\",\"title_position\":\"top-left\",\"title_rotation\":\"left\",\"vertical_align\":\"middle\",\"width\":\"default\"},\"children\":[{\"type\":\"row\",\"props\":{\"layout\":\"1-4,3-4\"},\"children\":[{\"type\":\"column\",\"props\":{\"image_position\":\"center-center\",\"position_sticky_breakpoint\":\"m\",\"width_large\":\"1-4\",\"width_medium\":\"1-3\",\"width_small\":\"1-2\"},\"children\":[{\"type\":\"panel\",\"props\":{\"content_column_breakpoint\":\"m\",\"image\":\"wp-content\/uploads\/2025\/06\/Dummy-Team.jpg\",\"image_align\":\"bottom\",\"image_border\":\"rounded\",\"image_grid_breakpoint\":\"m\",\"image_grid_width\":\"1-2\",\"image_margin\":\"small\",\"image_svg_color\":\"emphasis\",\"link_style\":\"default\",\"link_text\":\"Read more\",\"margin_bottom\":\"default\",\"margin_top\":\"default\",\"meta_align\":\"below-title\",\"meta_element\":\"div\",\"meta_style\":\"text-meta\",\"text_align\":\"center\",\"title\":\"Alexander Kirchner\",\"title_align\":\"top\",\"title_color\":\"primary\",\"title_element\":\"h6\",\"title_grid_breakpoint\":\"m\",\"title_grid_width\":\"1-2\",\"title_hover_style\":\"reset\"}},{\"type\":\"html\",\"props\":{\"class\":\"uk-text-center\",\"content\":\"\n\n<div class=\\\"uk-button-group\\\">\\n    <a href=\\\"tel:+49403176700\\\" class=\\\"uk-button uk-button-default uk-button-small uk-flex-inline uk-flex-center uk-flex-middle\\\">+49 40 31 76 700<\/a>\\n    \n\n<div class=\\\"uk-inline\\\">\\n        <a href=\\\"mailto:a.kirchner@siunis.de\\\" class=\\\"uk-button uk-button-default uk-button-small\\\" type=\\\"button\\\"><span uk-icon=\\\"icon: mail; ratio: 1.2\\\"><\/span><\/a>\\n    <\/div>\n\n\\n<\/div>\n\n\"},\"name\":\"Doppel-Link-Button\"}]},{\"type\":\"column\",\"props\":{\"image_position\":\"center-center\",\"position_sticky_breakpoint\":\"m\",\"width_large\":\"3-4\",\"width_medium\":\"2-3\",\"width_small\":\"1-2\"},\"children\":[{\"type\":\"text\",\"props\":{\"column_breakpoint\":\"m\",\"content\":\"\n\n<p><strong>Ob Sonderanlagen oder weniger verbreitete Systeme \u2013 mit SIUNIS k\u00f6nnen Industrieanlagen verschiedener Branchen \u00fcberwacht, dokumentiert und analysiert werden. Die L\u00f6sung wird auf Ihre technischen Anforderungen abgestimmt.<\/strong><\/p>\n\n\\n\n\n<p>Nicht jede Industrieanlage l\u00e4sst sich in eine Standardkategorie einordnen \u2013 aber jede braucht zuverl\u00e4ssiges Monitoring. Mit SIUNIS dokumentieren und analysieren Sie auch spezielle oder komplexe Anlagentypen strukturiert und gesetzeskonform. Ob Grenzwert\u00fcberwachung, Auswertung von Betriebsdaten oder die Vorbereitung auf Pr\u00fcfungen: Die Software wird an Ihre spezifischen Anforderungen und gesetzlichen Vorgaben angepasst.<\/p>\n\n\\n\n\n<p>Kontaktieren Sie uns, damit wir gemeinsam Ihre Prozesse abbilden und eine passgenaue L\u00f6sung entwickeln k\u00f6nnen.<\/p>\n\n\",\"content_en_gb\":\"\n\n<p><strong>SIUNIS can be used to monitor, document and analyze any industrial plant in various sectors. The solution is tailored to your technical requirements.<\/strong><\/p>\n\n\\n\n\n<p>Not every industrial plant can be assigned to a standard category - but every plant needs reliable monitoring. With SIUNIS, you can document and analyze even special or complex plant types in a structured and legally compliant manner. Whether limit value monitoring, evaluation of operating data or preparation for tests: The software is adapted to your specific requirements and legal specifications.<\/p>\n\n\\n\n\n<p>Contact us so that we can map your processes together and develop a tailor-made solution.<\/p>\n\n\",\"content_es_es\":\"\n\n<p><strong>Ya se trate de instalaciones especiales o de sistemas menos habituales, con SIUNIS se pueden monitorizar, documentar y analizar instalaciones industriales de diferentes sectores. La soluci\u00f3n se adapta a sus requisitos t\u00e9cnicos.<\/strong><\/p>\n\n\\n\n\n<p>No todas las instalaciones industriales pueden clasificarse en una categor\u00eda est\u00e1ndar, pero todas necesitan una supervisi\u00f3n fiable. Con SIUNIS, tambi\u00e9n puede documentar y analizar tipos de instalaciones especiales o complejas de forma estructurada y conforme a la legislaci\u00f3n. Ya se trate de la supervisi\u00f3n de valores l\u00edmite, la evaluaci\u00f3n de datos operativos o la preparaci\u00f3n de pruebas, el software se adapta a sus requisitos espec\u00edficos y a los requisitos legales.<\/p>\n\n\\n\n\n<p>P\u00f3ngase en contacto con nosotros para que podamos analizar juntos sus procesos y desarrollar una soluci\u00f3n a medida.<\/p>\n\n\",\"content_fr_fr\":\"\n\n<p><strong>Qu'il s'agisse d'installations sp\u00e9ciales ou de syst\u00e8mes moins courants, SIUNIS permet de surveiller, documenter et analyser les installations industrielles de diff\u00e9rents secteurs. La solution est adapt\u00e9e \u00e0 vos exigences techniques.<\/strong><\/p>\n\n\\n\n\n<p>Toutes les installations industrielles ne peuvent pas \u00eatre class\u00e9es dans une cat\u00e9gorie standard, mais chacune d'entre elles n\u00e9cessite une surveillance fiable. Avec SIUNIS, vous pouvez \u00e9galement documenter et analyser des types d'installations sp\u00e9ciales ou complexes de mani\u00e8re structur\u00e9e et conforme \u00e0 la l\u00e9gislation. Qu'il s'agisse de la surveillance des valeurs limites, de l'\u00e9valuation des donn\u00e9es d'exploitation ou de la pr\u00e9paration aux contr\u00f4les, le logiciel est adapt\u00e9 \u00e0 vos exigences sp\u00e9cifiques et aux dispositions l\u00e9gales.<\/p>\n\n\\n\n\n<p>Contactez-nous afin que nous puissions cartographier ensemble vos processus et d\u00e9velopper une solution sur mesure.<\/p>\n\n\",\"margin_bottom\":\"default\",\"margin_top\":\"default\"}},{\"type\":\"button\",\"props\":{\"grid_column_gap\":\"small\",\"grid_row_gap\":\"small\",\"margin_bottom\":\"medium\",\"margin_top\":\"medium\"},\"children\":[{\"type\":\"button_item\",\"props\":{\"button_style\":\"default\",\"content\":\"Jetzt Demo anfordern\",\"content_en_gb\":\"Request a demo now\",\"content_es_es\":\"Solicite una demostraci\u00f3n \",\"content_fr_fr\":\"Demander une d\u00e9monstration\",\"dialog_layout\":\"modal\",\"dialog_offcanvas_flip\":true,\"icon_align\":\"left\",\"link\":\"demo-anfordern\/\",\"link_en_gb\":\"en\/request-demo\/\",\"link_es_es\":\"es\/solicitar-una-demostracion\/\",\"link_fr_fr\":\"fr\/demander-une-demonstration\/\"}}]}]}]}],\"name\":\"1\/4 - 3\/4\"},{\"type\":\"section\",\"props\":{\"image_position\":\"center-center\",\"padding_bottom\":\"none\",\"padding_top\":\"xsmall\",\"style\":\"default\",\"title_breakpoint\":\"xl\",\"title_position\":\"top-left\",\"title_rotation\":\"left\",\"vertical_align\":\"middle\",\"width\":\"default\"},\"children\":[{\"type\":\"row\",\"children\":[{\"type\":\"column\",\"props\":{\"image_position\":\"center-center\",\"position_sticky_breakpoint\":\"m\"},\"children\":[{\"type\":\"html\",\"props\":{\"content\":\"[smartslider3 slider=\\\"10\\\"]\",\"content_en_gb\":\"[smartslider3 slider=\\\"13\\\"]\",\"content_es_es\":\"[smartslider3 slider=\\\"20\\\"]\",\"content_fr_fr\":\"[smartslider3 slider=\\\"19\\\"]\"}}]}]}],\"name\":\"Slider\"},{\"type\":\"section\",\"props\":{\"animation\":\"slide-left-medium\",\"animation_delay\":\"100\",\"image_position\":\"center-center\",\"style\":\"default\",\"title_breakpoint\":\"xl\",\"title_position\":\"top-left\",\"title_rotation\":\"left\",\"vertical_align\":\"middle\",\"width\":\"default\"},\"children\":[{\"type\":\"row\",\"children\":[{\"type\":\"column\",\"props\":{\"image_position\":\"center-center\",\"position_sticky_breakpoint\":\"m\"},\"children\":[{\"type\":\"headline\",\"props\":{\"content\":\"Individuell dokumentieren &amp; \u00fcberwachen\",\"content_en_gb\":\"Individual documentation &amp; monitoring\",\"content_es_es\":\"Documentaci\u00f3n y supervisi\u00f3n individualizadas\",\"content_fr_fr\":\"Documentation et surveillance individuelles\",\"image_align\":\"left\",\"image_margin\":\"xsmall\",\"text_align\":\"center\",\"title_element\":\"h3\"}},{\"type\":\"headline\",\"props\":{\"content\":\"Messwerte strukturiert erfassen, auswerten, \u00fcberwachen &amp; optimieren\",\"content_en_gb\":\"Structured recording, evaluation, monitoring &amp; optimization of measured values\",\"content_es_es\":\"Registro, evaluaci\u00f3n, supervisi\u00f3n y optimizaci\u00f3n estructurados de los valores medidos\",\"content_fr_fr\":\"Saisie, \u00e9valuation, surveillance et optimisation structur\u00e9es des valeurs mesur\u00e9es\",\"image_align\":\"left\",\"image_margin\":\"xsmall\",\"margin_bottom\":\"medium\",\"margin_top\":\"remove\",\"text_align\":\"center\",\"title_element\":\"h4\"}},{\"type\":\"grid\",\"props\":{\"content_column_breakpoint\":\"m\",\"content_margin\":\"remove\",\"filter_align\":\"left\",\"filter_all\":true,\"filter_grid_breakpoint\":\"m\",\"filter_grid_width\":\"auto\",\"filter_position\":\"top\",\"filter_style\":\"tab\",\"grid_default\":\"1\",\"grid_medium\":\"\",\"grid_small\":\"2\",\"image_align\":\"top\",\"image_grid_breakpoint\":\"m\",\"image_grid_width\":\"1-2\",\"image_svg_color\":\"emphasis\",\"item_animation\":true,\"lightbox_bg_close\":true,\"link_margin\":\"small\",\"link_style\":\"default\",\"link_text\":\"Read more\",\"margin_bottom\":\"default\",\"margin_top\":\"default\",\"meta_align\":\"below-title\",\"meta_element\":\"div\",\"meta_style\":\"text-meta\",\"show_content\":true,\"show_hover_image\":false,\"show_hover_video\":false,\"show_image\":false,\"show_link\":true,\"show_meta\":false,\"show_title\":true,\"show_video\":false,\"title_align\":\"top\",\"title_color\":\"primary\",\"title_element\":\"h4\",\"title_grid_breakpoint\":\"m\",\"title_grid_width\":\"1-2\",\"title_hover_style\":\"reset\"},\"children\":[{\"type\":\"grid_item\",\"props\":{\"content\":\"SIUNIS ist vollst\u00e4ndig modular konzipiert und l\u00e4sst sich individuell an unterschiedlichste Anlagenstrukturen und Messwerte anpassen.\",\"content_en_gb\":\"\n\n<p>SIUNIS has a fully modular design and can be individually adapted to a wide variety of system structures and measured values.<\/p>\n\n\",\"content_es_es\":\"\n\n<p>SIUNIS tiene un dise\u00f1o totalmente modular y se puede adaptar individualmente a las m\u00e1s diversas estructuras de instalaciones y valores de medici\u00f3n.<\/p>\n\n\",\"content_fr_fr\":\"\n\n<p>SIUNIS est enti\u00e8rement modulaire et s'adapte individuellement aux structures d'installations et aux valeurs de mesure les plus diverses.<\/p>\n\n\",\"title\":\"Modularer Aufbau:\",\"title_en_gb\":\"Modular design:\",\"title_es_es\":\"Dise\u00f1o modular:\",\"title_fr_fr\":\"Conception modulaire :\"}},{\"type\":\"grid_item\",\"props\":{\"content\":\"Alle Systemkomponenten sind beliebig kombinierbar \u2013 f\u00fcr maximale Flexibilit\u00e4t bei der Systemgestaltung.\",\"content_en_gb\":\"\n\n<p>All system components can be combined as required - for maximum flexibility in system design.<\/p>\n\n\",\"content_es_es\":\"\n\n<p>Todos los componentes del sistema se pueden combinar libremente, lo que permite una m\u00e1xima flexibilidad en el dise\u00f1o del sistema.<\/p>\n\n\",\"content_fr_fr\":\"\n\n<p>Tous les composants du syst\u00e8me peuvent \u00eatre combin\u00e9s \u00e0 volont\u00e9, pour une flexibilit\u00e9 maximale dans la conception du syst\u00e8me.<\/p>\n\n\",\"title\":\"Freie Kombinierbarkeit aller Elemente:\",\"title_en_gb\":\"Free combination of all elements:\",\"title_es_es\":\"Libre combinaci\u00f3n de todos los elementos:\",\"title_fr_fr\":\"Combinaison libre de tous les \u00e9l\u00e9ments :\"}},{\"type\":\"grid_item\",\"props\":{\"content\":\"Mehr als 100 verschiedene Messpunkte und Einheiten k\u00f6nnen flexibel abgebildet und \u00fcberwacht werden.\",\"content_en_gb\":\"\n\n<p>More than 100 different measuring points and units can be flexibly mapped and monitored.<\/p>\n\n\",\"content_es_es\":\"\n\n<p>Se pueden representar y supervisar de forma flexible m\u00e1s de 100 puntos de medici\u00f3n y unidades diferentes.<\/p>\n\n\",\"content_fr_fr\":\"\n\n<p>Plus de 100 points de mesure et unit\u00e9s diff\u00e9rents peuvent \u00eatre repr\u00e9sent\u00e9s et surveill\u00e9s de mani\u00e8re flexible.<\/p>\n\n\",\"title\":\"Umfangreiche Messpunkt-Erfassung:\",\"title_en_gb\":\"Considerable amount of measuring points:\",\"title_es_es\":\"Amplia captura de puntos de medici\u00f3n:\",\"title_fr_fr\":\"Saisie compl\u00e8te des points de mesure :\"}},{\"type\":\"grid_item\",\"props\":{\"content\":\"Selbst die anspruchsvollsten Anlagenkonfigurationen k\u00f6nnen m\u00fchelos und \u00fcbersichtlich visualisiert werden.\",\"content_en_gb\":\"\n\n<p>Even the most complex system configurations can be visualized easily and clearly.<\/p>\n\n\",\"content_es_es\":\"\n\n<p>Incluso las configuraciones de instalaciones m\u00e1s exigentes se pueden visualizar de forma clara y sin esfuerzo.<\/p>\n\n\",\"content_fr_fr\":\"\n\n<p>M\u00eame les configurations d'installations les plus exigeantes peuvent \u00eatre visualis\u00e9es facilement et clairement.<\/p>\n\n\",\"title\":\"Darstellung komplexester Anlagenstrukturen:\",\"title_en_gb\":\"Display of the most complex system structures:\",\"title_es_es\":\"Representaci\u00f3n de las estructuras de instalaciones m\u00e1s complejas:\",\"title_fr_fr\":\"Repr\u00e9sentation des structures d'installations les plus complexes :\"}},{\"type\":\"grid_item\",\"props\":{\"content\":\"Die Systemarchitektur erm\u00f6glicht die Abbildung komplexer Systeme mit mehreren Ebenen \u2013 ideal f\u00fcr anspruchsvolle Anwendungen.\",\"content_en_gb\":\"\n\n<p>The system architecture enables the mapping of complex systems with multiple levels - ideal for demanding applications.<\/p>\n\n\",\"content_es_es\":\"\n\n<p>La arquitectura del sistema permite representar sistemas complejos con varios niveles, lo que resulta ideal para aplicaciones exigentes.<\/p>\n\n\",\"content_fr_fr\":\"\n\n<p>L'architecture du syst\u00e8me permet de repr\u00e9senter des syst\u00e8mes complexes \u00e0 plusieurs niveaux, ce qui est id\u00e9al pour les applications exigeantes.<\/p>\n\n\",\"title\":\"Struktur f\u00fcr h\u00f6chste Komplexit\u00e4t:\",\"title_en_gb\":\"Structure for maximum complexity:\",\"title_es_es\":\"Estructura para la m\u00e1xima complejidad:\",\"title_fr_fr\":\"Structure pour une complexit\u00e9 maximale :\"}},{\"type\":\"grid_item\",\"props\":{\"content\":\"Berechnungen und Analysen erfolgen \u00fcber anpassbare Module \u2013 strukturell und systemseitig \u00fcbergreifend.\",\"content_en_gb\":\"\n\n<p>Calculations and analyses are carried out via customizable modules - across structures and systems.<\/p>\n\n\",\"content_es_es\":\"\n\n<p>Los c\u00e1lculos y an\u00e1lisis se realizan mediante m\u00f3dulos personalizables, tanto a nivel estructural como entre sistemas.<\/p>\n\n\",\"content_fr_fr\":\"\n\n<p>Les calculs et les analyses sont effectu\u00e9s \u00e0 l'aide de modules personnalisables, tant au niveau structurel qu'au niveau du syst\u00e8me.<\/p>\n\n\",\"title\":\"System\u00fcbergreifende Auswertungen:\",\"title_en_gb\":\"Cross-system evaluations:\",\"title_es_es\":\"Evaluaciones entre sistemas:\",\"title_fr_fr\":\"\u00c9valuations inter-syst\u00e8mes :\"}},{\"type\":\"grid_item\",\"props\":{\"content\":\"Ob ma\u00dfgeschneidert oder auf Basis vordefinierter Templates: Die Systemstruktur l\u00e4sst sich exakt nach Ihren Anforderungen erstellen.\",\"content_en_gb\":\"\n\n<p>Whether customized or based on predefined templates: The system structure can be created exactly according to your requirements.<\/p>\n\n\",\"content_es_es\":\"\n\n<p>Ya sea a medida o bas\u00e1ndose en plantillas predefinidas, la estructura del sistema se puede crear exactamente seg\u00fan sus necesidades.<\/p>\n\n\",\"content_fr_fr\":\"\n\n<p>Que ce soit sur mesure ou \u00e0 partir de mod\u00e8les pr\u00e9d\u00e9finis, la structure du syst\u00e8me peut \u00eatre cr\u00e9\u00e9e exactement selon vos besoins.<\/p>\n\n\",\"title\":\"Individuell oder per Template:\",\"title_en_gb\":\"Customized or per template:\",\"title_es_es\":\"De forma individual o mediante plantillas:\",\"title_fr_fr\":\"Individuellement ou \u00e0 l'aide d'un mod\u00e8le :\"}},{\"type\":\"grid_item\",\"props\":{\"content\":\"Auswertungen lassen sich v\u00f6llig frei gestalten \u2013 exakt abgestimmt auf Ihre individuellen Anforderungen und Zielsetzungen.\",\"content_en_gb\":\"\n\n<p>Evaluations can be designed completely freely - precisely tailored to your individual requirements and objectives.<\/p>\n\n\",\"content_es_es\":\"\n\n<p>Las evaluaciones se pueden dise\u00f1ar con total libertad, adapt\u00e1ndolas exactamente a sus requisitos y objetivos individuales.<\/p>\n\n\",\"content_fr_fr\":\"\n\n<p>Les \u00e9valuations peuvent \u00eatre con\u00e7ues de mani\u00e8re totalement libre, en fonction de vos exigences et objectifs individuels.<\/p>\n\n\",\"title\":\"Maximale Auswertungsfreiheit:\",\"title_en_gb\":\"Maximum evaluation freedom:\",\"title_es_es\":\"M\u00e1xima libertad de evaluaci\u00f3n:\",\"title_fr_fr\":\"Libert\u00e9 d'\u00e9valuation maximale :\"}},{\"type\":\"grid_item\",\"props\":{\"content\":\"F\u00fcr jeden einzelnen Messpunkt lassen sich individuelle Grenzwerte, Fahrweisen sowie Eskalationsstufen und Meldeketten definieren.\",\"content_en_gb\":\"\n\n<p>Individual limit values, operating modes as well as escalation levels and message chains can be defined for each individual measuring point.<\/p>\n\n\",\"content_es_es\":\"\n\n<p>Para cada punto de medici\u00f3n individual se pueden definir valores l\u00edmite, modos de funcionamiento, niveles de escalada y cadenas de notificaci\u00f3n individuales.<\/p>\n\n\",\"content_fr_fr\":\"\n\n<p>Pour chaque point de mesure, il est possible de d\u00e9finir des valeurs limites, des modes de fonctionnement, des niveaux d'escalade et des cha\u00eenes de notification individuels.<\/p>\n\n\",\"title\":\"Anpassbare Grenzwerte und Fahrweisen:\",\"title_en_gb\":\"Customizable limit values and operating modes:\",\"title_es_es\":\"Valores l\u00edmite y modos de funcionamiento adaptables:\",\"title_fr_fr\":\"Valeurs limites et modes de fonctionnement personnalisables :\"}},{\"type\":\"grid_item\",\"props\":{\"content\":\" \",\"link\":\"demo-anfordern\/\",\"link_en_gb\":\"en\/demo-anfordern\/\",\"link_es_es\":\"es\/solicitar-una-demostracion\/\",\"link_fr_fr\":\"fr\/demander-une-demonstration\/\",\"link_text\":\"Jetzt Demo anfordern\",\"link_text_en_gb\":\"Request a demo now\",\"link_text_es_es\":\"Solicite una demostraci\u00f3n.\",\"link_text_fr_fr\":\"Demander une d\u00e9monstration.\",\"title\":\" \"}}]}]}]}],\"name\":\"Headlines + TextGrid 50\/50\"}],\"version\":\"5.0.24\"} --><\/p>\n","protected":false},"excerpt":{"rendered":"<p>Anlagen Monitoring f\u00fcr Spezialanlagen Individuell dokumentieren &amp; \u00fcberwachen Alexander Kirchner +49 40 31 76 700 Ob Sonderanlagen oder weniger verbreitete Systeme \u2013 mit SIUNIS k\u00f6nnen Industrieanlagen verschiedener Branchen \u00fcberwacht, dokumentiert und analysiert werden. Die L\u00f6sung wird auf Ihre technischen Anforderungen abgestimmt. Nicht jede Industrieanlage l\u00e4sst sich in eine Standardkategorie einordnen \u2013 aber jede braucht zuverl\u00e4ssiges [&hellip;]<\/p>\n","protected":false},"author":3,"featured_media":0,"parent":3875,"menu_order":0,"comment_status":"closed","ping_status":"closed","template":"","meta":{"footnotes":""},"class_list":["post-4016","page","type-page","status-publish","hentry"],"_links":{"self":[{"href":"https:\/\/www.siunis.de\/en\/wp-json\/wp\/v2\/pages\/4016","targetHints":{"allow":["GET"]}}],"collection":[{"href":"https:\/\/www.siunis.de\/en\/wp-json\/wp\/v2\/pages"}],"about":[{"href":"https:\/\/www.siunis.de\/en\/wp-json\/wp\/v2\/types\/page"}],"author":[{"embeddable":true,"href":"https:\/\/www.siunis.de\/en\/wp-json\/wp\/v2\/users\/3"}],"replies":[{"embeddable":true,"href":"https:\/\/www.siunis.de\/en\/wp-json\/wp\/v2\/comments?post=4016"}],"version-history":[{"count":50,"href":"https:\/\/www.siunis.de\/en\/wp-json\/wp\/v2\/pages\/4016\/revisions"}],"predecessor-version":[{"id":4780,"href":"https:\/\/www.siunis.de\/en\/wp-json\/wp\/v2\/pages\/4016\/revisions\/4780"}],"up":[{"embeddable":true,"href":"https:\/\/www.siunis.de\/en\/wp-json\/wp\/v2\/pages\/3875"}],"wp:attachment":[{"href":"https:\/\/www.siunis.de\/en\/wp-json\/wp\/v2\/media?parent=4016"}],"curies":[{"name":"wp","href":"https:\/\/api.w.org\/{rel}","templated":true}]}}