{"id":4010,"date":"2025-07-07T19:44:57","date_gmt":"2025-07-07T17:44:57","guid":{"rendered":"https:\/\/elbgraphen.siunis.de\/?page_id=4010"},"modified":"2026-02-16T16:41:29","modified_gmt":"2026-02-16T15:41:29","slug":"demo-anfordern","status":"publish","type":"page","link":"https:\/\/www.siunis.de\/en\/request-demo\/","title":{"rendered":"Request a demo"},"content":{"rendered":"<h1>Kontaktieren Sie uns f\u00fcr eine kostenlose Beratung!<\/h1>\n<h2>Sprechen wir \u00fcber die Sicherheit und Einsparpotentiale Ihrer Anlage<\/h2>\n<div>\n<p>        <img decoding=\"async\" src=\"\/wp-content\/uploads\/2025\/06\/Dummy-Team.jpg\" alt=\"\"><\/p>\n<h6>Alexander Kirchner<\/h6>\n<\/div>\n<div>\n<div class=\"uk-button-group\">\n    <a href=\"tel:+49403176700\" class=\"uk-button uk-button-default uk-button-small uk-flex-inline uk-flex-center uk-flex-middle\">+49 40 31 76 700<\/a><\/p>\n<div class=\"uk-inline\">\n        <a href=\"mailto:a.kirchner@siunis.de\" class=\"uk-button uk-button-default uk-button-small\" type=\"button\"><span uk-icon=\"icon: mail; ratio: 1.2\"><\/span><\/a>\n    <\/div>\n<\/div>\n<\/div>\n<div>\n<p>        <img decoding=\"async\" src=\"\/wp-content\/uploads\/2025\/06\/dummy-karte.png\" alt=\"\"><\/p>\n<h6>KORN GmbH<\/h6>\n<div>\n<p>Wittenmoor 36<br \/>22525 Hamburg<\/p>\n<\/div>\n<\/div>\n<div>\n\n<div class=\"wpcf7 no-js\" id=\"wpcf7-f3919-o1\" lang=\"de-DE\" dir=\"ltr\" data-wpcf7-id=\"3919\">\n<div class=\"screen-reader-response\"><p role=\"status\" aria-live=\"polite\" aria-atomic=\"true\"><\/p> <ul><\/ul><\/div>\n<form action=\"\/en\/wp-json\/wp\/v2\/pages\/4010#wpcf7-f3919-o1\" method=\"post\" class=\"wpcf7-form init\" aria-label=\"Kontaktformular\" novalidate=\"novalidate\" data-status=\"init\">\n<fieldset class=\"hidden-fields-container\"><input type=\"hidden\" name=\"_wpcf7\" value=\"3919\" \/><input type=\"hidden\" name=\"_wpcf7_version\" value=\"6.1.5\" \/><input type=\"hidden\" name=\"_wpcf7_locale\" value=\"de_DE\" \/><input type=\"hidden\" name=\"_wpcf7_unit_tag\" value=\"wpcf7-f3919-o1\" \/><input type=\"hidden\" name=\"_wpcf7_container_post\" value=\"0\" \/><input type=\"hidden\" name=\"_wpcf7_posted_data_hash\" value=\"\" \/>\n<\/fieldset>\n<p><label> Vor- und Nachname<br \/>\n<span class=\"wpcf7-form-control-wrap\" data-name=\"your-name\"><input size=\"40\" maxlength=\"400\" class=\"wpcf7-form-control wpcf7-text wpcf7-validates-as-required\" autocomplete=\"name\" aria-required=\"true\" aria-invalid=\"false\" value=\"\" type=\"text\" name=\"your-name\" \/><\/span> <\/label>\n<\/p>\n<p><label> Firma<br \/>\n<span class=\"wpcf7-form-control-wrap\" data-name=\"your-company\"><input size=\"40\" maxlength=\"400\" class=\"wpcf7-form-control wpcf7-text wpcf7-validates-as-required\" autocomplete=\"name\" aria-required=\"true\" aria-invalid=\"false\" value=\"\" type=\"text\" name=\"your-company\" \/><\/span> <\/label>\n<\/p>\n<p><label> Telefonnummer (optional)<br \/>\n<span class=\"wpcf7-form-control-wrap\" data-name=\"Telefonnummer\"><input size=\"40\" maxlength=\"400\" class=\"wpcf7-form-control wpcf7-tel wpcf7-text wpcf7-validates-as-tel\" aria-invalid=\"false\" value=\"\" type=\"tel\" name=\"Telefonnummer\" \/><\/span> <\/label>\n<\/p>\n<p><label> E-Mail<br \/>\n<span class=\"wpcf7-form-control-wrap\" data-name=\"your-email\"><input size=\"40\" maxlength=\"400\" class=\"wpcf7-form-control wpcf7-email wpcf7-validates-as-required wpcf7-text wpcf7-validates-as-email\" autocomplete=\"email\" aria-required=\"true\" aria-invalid=\"false\" value=\"\" type=\"email\" name=\"your-email\" \/><\/span> <\/label>\n<\/p>\n<p><label> Ihre Nachricht an SIUNIS (optional)<br \/>\n<span class=\"wpcf7-form-control-wrap\" data-name=\"your-message\"><textarea cols=\"40\" rows=\"10\" maxlength=\"2000\" class=\"wpcf7-form-control wpcf7-textarea\" aria-invalid=\"false\" name=\"your-message\"><\/textarea><\/span> <\/label>\n<\/p>\n<p><span class=\"wpcf7-form-control-wrap\" data-name=\"Datenschutz-Zustimmung\"><span class=\"wpcf7-form-control wpcf7-acceptance\"><span class=\"wpcf7-list-item\"><label><input type=\"checkbox\" name=\"Datenschutz-Zustimmung\" value=\"1\" aria-invalid=\"false\" \/><span class=\"wpcf7-list-item-label\">Ich habe die <a target=\"_blank\" href=\"\/datenschutzerklaerung\/\">Datenschutzerkl\u00e4rung<\/a>\u00a0zur Kenntnis genommen und bin mit der Verarbeitung meiner Daten zur Bearbeitung dieser E-Mail einverstanden.<\/span><\/label><\/span><\/span><\/span>\n<\/p>\n<p><input class=\"wpcf7-form-control wpcf7-submit has-spinner\" type=\"submit\" value=\"Senden\" \/>\n<\/p><div class=\"wpcf7-response-output\" aria-hidden=\"true\"><\/div>\n<\/form>\n<\/div>\n\n<\/div>\n<ul>\n<li>\n<h3>15 Jahre<\/h3>\n<div>Erfahrung mit digitalen Betriebstageb\u00fcchern<\/div>\n<\/li>\n<li>\n<h3>Vorreiter<\/h3>\n<div>bei der Digitalisierung von K\u00fchl- und Kesselanlagen<\/div>\n<\/li>\n<li>\n<h3>50+ Jahre<\/h3>\n<div>Erfahrung mit K\u00fchl- und Kesselanlagen weltweit<\/div>\n<\/li>\n<\/ul>\n<p><iframe src=\"https:\/\/www.youtube.com\/watch?v=V1r_1o-fgwg\"><\/iframe><\/p>\n<p><!--more--><br \/>\n<!-- {\"type\":\"layout\",\"children\":[{\"type\":\"section\",\"props\":{\"animation\":\"slide-left-medium\",\"animation_delay\":\"200\",\"css\":\"@media only screen and (max-width: 600px) {\\n  .el-section {\\n    max-height:300px;\\n  }\\n}\",\"height\":\"pixels\",\"height_viewport\":580,\"image\":\"wp-content\/uploads\/2025\/07\/SIUNIS_Header_demo_anfordern-1.jpg\",\"image_position\":\"center-center\",\"image_size\":\"cover\",\"style\":\"default\",\"title_breakpoint\":\"xl\",\"title_position\":\"top-left\",\"title_rotation\":\"left\",\"vertical_align\":\"middle\",\"width\":\"\"},\"children\":[{\"type\":\"row\",\"children\":[{\"type\":\"column\",\"props\":{\"image_position\":\"center-center\",\"position_sticky_breakpoint\":\"m\"}}],\"props\":{\"width\":\"default\"}}],\"name\":\"Headerbild\"},{\"type\":\"section\",\"props\":{\"animation\":\"slide-left-medium\",\"animation_delay\":\"200\",\"image_position\":\"center-center\",\"padding_bottom\":\"none\",\"style\":\"default\",\"title_breakpoint\":\"xl\",\"title_position\":\"top-left\",\"title_rotation\":\"left\",\"vertical_align\":\"middle\",\"width\":\"default\"},\"children\":[{\"type\":\"row\",\"children\":[{\"type\":\"column\",\"props\":{\"image_position\":\"center-center\",\"position_sticky_breakpoint\":\"m\"},\"children\":[{\"type\":\"headline\",\"props\":{\"content\":\"Kontaktieren Sie uns f\u00fcr eine kostenlose Beratung!\",\"content_en_gb\":\"Contact us for a free consultation!\",\"content_es_es\":\"\u00a1P\u00f3ngase en contacto con nosotros para una consulta gratuita!\",\"content_fr_fr\":\"Contactez-nous pour une consultation gratuite !\",\"image_align\":\"left\",\"image_margin\":\"xsmall\",\"text_align\":\"center\",\"title_element\":\"h1\",\"title_style\":\"h3\"}},{\"type\":\"headline\",\"props\":{\"content\":\"Sprechen wir \u00fcber die Sicherheit und Einsparpotentiale Ihrer Anlage\",\"content_en_gb\":\"Let's talk about the safety and savings potential of your system\",\"content_es_es\":\"Hablemos sobre la seguridad y el potencial de ahorro de su instalaci\u00f3n.\",\"content_fr_fr\":\"Discutons ensemble de la s\u00e9curit\u00e9 et du potentiel d'\u00e9conomies de votre installation.\",\"image_align\":\"left\",\"image_margin\":\"xsmall\",\"margin_bottom\":\"medium\",\"margin_top\":\"remove\",\"text_align\":\"center\",\"title_element\":\"h2\"}}]}]}],\"name\":\"H1, H2\"},{\"type\":\"section\",\"props\":{\"animation\":\"slide-left-medium\",\"animation_delay\":\"200\",\"image_position\":\"center-center\",\"padding_bottom\":\"small\",\"padding_top\":\"small\",\"style\":\"default\",\"title_breakpoint\":\"xl\",\"title_position\":\"top-left\",\"title_rotation\":\"left\",\"vertical_align\":\"middle\",\"width\":\"default\"},\"children\":[{\"type\":\"row\",\"props\":{\"layout\":\"1-4,3-4\"},\"children\":[{\"type\":\"column\",\"props\":{\"image_position\":\"center-center\",\"position_sticky_breakpoint\":\"m\",\"width_large\":\"1-4\",\"width_medium\":\"1-3\",\"width_small\":\"1-2\"},\"children\":[{\"type\":\"panel\",\"props\":{\"content_column_breakpoint\":\"m\",\"image\":\"wp-content\/uploads\/2025\/06\/Dummy-Team.jpg\",\"image_align\":\"bottom\",\"image_border\":\"rounded\",\"image_grid_breakpoint\":\"m\",\"image_grid_width\":\"1-2\",\"image_margin\":\"small\",\"image_svg_color\":\"emphasis\",\"link_style\":\"default\",\"link_text\":\"Read more\",\"margin_bottom\":\"default\",\"margin_top\":\"default\",\"meta_align\":\"below-title\",\"meta_element\":\"div\",\"meta_style\":\"text-meta\",\"text_align\":\"center\",\"title\":\"Alexander Kirchner\",\"title_align\":\"top\",\"title_color\":\"primary\",\"title_element\":\"h6\",\"title_grid_breakpoint\":\"m\",\"title_grid_width\":\"1-2\",\"title_hover_style\":\"reset\"}},{\"type\":\"html\",\"props\":{\"class\":\"uk-text-center\",\"content\":\"\n\n<div class=\\\"uk-button-group\\\">\\n    <a href=\\\"tel:+49403176700\\\" class=\\\"uk-button uk-button-default uk-button-small uk-flex-inline uk-flex-center uk-flex-middle\\\">+49 40 31 76 700<\/a>\\n    \n\n<div class=\\\"uk-inline\\\">\\n        <a href=\\\"mailto:a.kirchner@siunis.de\\\" class=\\\"uk-button uk-button-default uk-button-small\\\" type=\\\"button\\\"><span uk-icon=\\\"icon: mail; ratio: 1.2\\\"><\/span><\/a>\\n    <\/div>\n\n\\n<\/div>\n\n\"},\"name\":\"Doppel-Link-Button\"},{\"type\":\"panel\",\"props\":{\"content\":\"\n\n<p>Wittenmoor 36<br \/>22525 Hamburg<\/p>\n\n\",\"content_column_breakpoint\":\"m\",\"content_margin\":\"remove\",\"image\":\"wp-content\/uploads\/2025\/06\/dummy-karte.png\",\"image_align\":\"top\",\"image_border\":\"rounded\",\"image_grid_breakpoint\":\"m\",\"image_grid_width\":\"1-2\",\"image_svg_color\":\"emphasis\",\"link_style\":\"default\",\"link_text\":\"Read more\",\"margin_bottom\":\"large\",\"margin_top\":\"large\",\"meta_align\":\"below-title\",\"meta_element\":\"div\",\"meta_style\":\"text-meta\",\"text_align\":\"center\",\"title\":\"KORN GmbH\",\"title_align\":\"top\",\"title_color\":\"primary\",\"title_element\":\"h6\",\"title_grid_breakpoint\":\"m\",\"title_grid_width\":\"1-2\",\"title_hover_style\":\"reset\"}}]},{\"type\":\"column\",\"props\":{\"image_position\":\"center-center\",\"position_sticky_breakpoint\":\"m\",\"width_large\":\"3-4\",\"width_medium\":\"2-3\",\"width_small\":\"1-2\"},\"children\":[{\"type\":\"html\",\"props\":{\"content\":\"[contact-form-7 id=\\\"736ea09\\\" title=\\\"Kontakt\\\"]\\n\",\"content_en_gb\":\"[contact-form-7 id=\\\"0395399\\\" title=\\\"Kontakt_EN\\\"]\",\"content_es_es\":\"[contact-form-7 id=\\\"23bceee\\\" title=\\\"Kontakt_ES\\\"]\",\"content_fr_fr\":\"[contact-form-7 id=\\\"d5a5fd3\\\" title=\\\"Kontakt_FR\\\"]\"},\"name\":\"Form (Shortcode)\"}]}]}],\"name\":\"1\/4 - 3\/4\"},{\"type\":\"section\",\"props\":{\"image_position\":\"center-center\",\"padding_bottom\":\"xsmall\",\"padding_top\":\"xsmall\",\"style\":\"default\",\"title_breakpoint\":\"xl\",\"title_position\":\"top-left\",\"title_rotation\":\"left\",\"vertical_align\":\"middle\",\"width\":\"default\"},\"children\":[{\"type\":\"row\",\"children\":[{\"type\":\"column\",\"props\":{\"image_position\":\"center-center\",\"position_sticky_breakpoint\":\"m\"}}]}]},{\"type\":\"section\",\"props\":{\"animation\":\"slide-left-medium\",\"animation_delay\":\"200\",\"image_position\":\"center-center\",\"style\":\"muted\",\"title_breakpoint\":\"xl\",\"title_position\":\"top-left\",\"title_rotation\":\"left\",\"vertical_align\":\"middle\",\"width\":\"default\"},\"children\":[{\"type\":\"row\",\"children\":[{\"type\":\"column\",\"props\":{\"image_position\":\"center-center\",\"position_sticky_breakpoint\":\"m\"},\"children\":[{\"type\":\"grid\",\"props\":{\"content_column_breakpoint\":\"m\",\"content_margin\":\"small\",\"content_style\":\"text-large\",\"filter_align\":\"left\",\"filter_all\":true,\"filter_grid_breakpoint\":\"m\",\"filter_grid_width\":\"auto\",\"filter_position\":\"top\",\"filter_style\":\"tab\",\"grid_default\":\"1\",\"grid_divider\":true,\"grid_medium\":\"3\",\"image_align\":\"top\",\"image_grid_breakpoint\":\"m\",\"image_grid_width\":\"1-2\",\"image_svg_color\":\"emphasis\",\"item_animation\":true,\"lightbox_bg_close\":true,\"link_style\":\"default\",\"link_text\":\"Read more\",\"margin_bottom\":\"default\",\"margin_top\":\"default\",\"meta_align\":\"below-title\",\"meta_element\":\"div\",\"meta_style\":\"text-meta\",\"show_content\":true,\"show_hover_image\":false,\"show_hover_video\":false,\"show_image\":false,\"show_link\":false,\"show_meta\":false,\"show_title\":true,\"show_video\":false,\"text_align\":\"center\",\"title_align\":\"top\",\"title_element\":\"h3\",\"title_grid_breakpoint\":\"m\",\"title_grid_width\":\"1-2\",\"title_hover_style\":\"reset\"},\"children\":[{\"type\":\"grid_item\",\"props\":{\"content\":\"Erfahrung mit digitalen Betriebstageb\u00fcchern\",\"content_en_gb\":\"experience with digital operating logs\",\"content_es_es\":\"\n\n<p>de experiencia con diarios de operaciones digitales<\/p>\n\n\",\"content_fr_fr\":\"\n\n<p>d'exp\u00e9rience dans les journaux d'exploitation num\u00e9riques<\/p>\n\n\",\"title\":\"15 Jahre\",\"title_en_gb\":\"15 years\",\"title_es_es\":\"15 a\u00f1os\",\"title_fr_fr\":\"15 ans\"}},{\"type\":\"grid_item\",\"props\":{\"content\":\"bei der Digitalisierung von K\u00fchl- und Kesselanlagen\",\"content_en_gb\":\"in the digitalization of cooling and boiler systems\",\"content_es_es\":\"\n\n<p>en la digitalizaci\u00f3n de instalaciones de refrigeraci\u00f3n y calderas<\/p>\n\n\",\"content_fr_fr\":\"\n\n<p>dans la num\u00e9risation des installations de refroidissement et des chaudi\u00e8res<\/p>\n\n\",\"title\":\"Vorreiter\",\"title_en_gb\":\"Pioneer\",\"title_es_es\":\"Pioneros\",\"title_fr_fr\":\"Pionnier\"}},{\"type\":\"grid_item\",\"props\":{\"content\":\"Erfahrung mit K\u00fchl- und Kesselanlagen weltweit\",\"content_en_gb\":\"experience with cooling and boiler systems worldwide\",\"content_es_es\":\"\n\n<p>de experiencia con instalaciones de refrigeraci\u00f3n y calderas en todo el mundo<\/p>\n\n\",\"content_fr_fr\":\"\n\n<p>d'exp\u00e9rience dans les installations de refroidissement et les chaudi\u00e8res \u00e0 travers le monde<\/p>\n\n\",\"title\":\"50+ Jahre\",\"title_en_gb\":\"50+ years\",\"title_es_es\":\"M\u00e1s de 50 a\u00f1os\",\"title_fr_fr\":\"Plus de 50 ans\"}}]},{\"type\":\"video\",\"props\":{\"margin_bottom\":\"large\",\"margin_top\":\"large\",\"text_align\":\"center\",\"video\":\"https:\/\/www.youtube.com\/watch?v=V1r_1o-fgwg\",\"video_controls\":true,\"video_loading\":\"lazy\",\"video_width\":740},\"name\":\"Video\"}]}]}],\"name\":\"15 Jahre Vorreiter 50+ Jahre\"}],\"version\":\"5.0.14\"} --><\/p>\n","protected":false},"excerpt":{"rendered":"<p>Kontaktieren Sie uns f\u00fcr eine kostenlose Beratung! Sprechen wir \u00fcber die Sicherheit und Einsparpotentiale Ihrer Anlage Alexander Kirchner +49 40 31 76 700 KORN GmbH Wittenmoor 3622525 Hamburg 15 Jahre Erfahrung mit digitalen Betriebstageb\u00fcchern Vorreiter bei der Digitalisierung von K\u00fchl- und Kesselanlagen 50+ Jahre Erfahrung mit K\u00fchl- und Kesselanlagen weltweit<\/p>\n","protected":false},"author":3,"featured_media":0,"parent":0,"menu_order":0,"comment_status":"closed","ping_status":"closed","template":"","meta":{"footnotes":""},"class_list":["post-4010","page","type-page","status-publish","hentry"],"_links":{"self":[{"href":"https:\/\/www.siunis.de\/en\/wp-json\/wp\/v2\/pages\/4010","targetHints":{"allow":["GET"]}}],"collection":[{"href":"https:\/\/www.siunis.de\/en\/wp-json\/wp\/v2\/pages"}],"about":[{"href":"https:\/\/www.siunis.de\/en\/wp-json\/wp\/v2\/types\/page"}],"author":[{"embeddable":true,"href":"https:\/\/www.siunis.de\/en\/wp-json\/wp\/v2\/users\/3"}],"replies":[{"embeddable":true,"href":"https:\/\/www.siunis.de\/en\/wp-json\/wp\/v2\/comments?post=4010"}],"version-history":[{"count":22,"href":"https:\/\/www.siunis.de\/en\/wp-json\/wp\/v2\/pages\/4010\/revisions"}],"predecessor-version":[{"id":4671,"href":"https:\/\/www.siunis.de\/en\/wp-json\/wp\/v2\/pages\/4010\/revisions\/4671"}],"wp:attachment":[{"href":"https:\/\/www.siunis.de\/en\/wp-json\/wp\/v2\/media?parent=4010"}],"curies":[{"name":"wp","href":"https:\/\/api.w.org\/{rel}","templated":true}]}}