{"id":3875,"date":"2025-06-25T23:26:01","date_gmt":"2025-06-25T21:26:01","guid":{"rendered":"https:\/\/elbgraphen.siunis.de\/?page_id=3875"},"modified":"2026-03-17T10:30:10","modified_gmt":"2026-03-17T09:30:10","slug":"industrieanlagen","status":"publish","type":"page","link":"https:\/\/www.siunis.de\/en\/industrial-plants\/","title":{"rendered":"Industrial plants"},"content":{"rendered":"<h1><span>Anlagen-Monitoring f\u00fcr Industrieanlagen<\/span><\/h1>\n<h2>Jede Anlage hat andere Routinen und Vorgaben \u2013 wir digitalisieren sie<\/h2>\n<div>\n<p>        <img decoding=\"async\" src=\"\/wp-content\/uploads\/2025\/06\/Dummy-Team.jpg\" alt=\"\"><\/p>\n<h6>Alexander Kirchner<\/h6>\n<\/div>\n<div>\n<div class=\"uk-button-group\">\n    <a href=\"tel:+49403176700\" class=\"uk-button uk-button-default uk-button-small uk-flex-inline uk-flex-center uk-flex-middle\">+49 40 31 76 700<\/a><\/p>\n<div class=\"uk-inline\">\n        <a href=\"mailto:a.kirchner@siunis.de\" class=\"uk-button uk-button-default uk-button-small\" type=\"button\"><span uk-icon=\"icon: mail; ratio: 1.2\"><\/span><\/a>\n    <\/div>\n<\/div>\n<\/div>\n<div>\n<p><strong>Mit dem digitalen Betriebstagebuch von SIUNIS erfassen, dokumentieren und analysieren Sie die unterschiedlichsten Industrieanlagen. Dabei sind alle relevanten Anlagendaten gesetzeskonform strukturiert. Die Anforderungen jedes Analgentyps werden systematisch und effizient erf\u00fcllt.<\/strong><\/p>\n<p>Die Web-Anwendung strukturiert Ihre gesamte Anlagendokumentation nach den Vorgaben der Beh\u00f6rden und unterschiedlichen Pr\u00fcfanforderungen. Pr\u00fcfintervalle, Messwerte und Aufgaben lassen sich leicht abarbeiten und l\u00fcckenlos dokumentieren.<\/p>\n<p>Die Kombination aus automatisch und manuell erfassten Daten erm\u00f6glicht pr\u00e4zise Auswertungen sowie fundierte R\u00fcckschl\u00fcsse auf den Anlagenbetrieb. Fr\u00fchzeitig erkannte Abweichungen helfen dabei, Energie einzusparen und Betriebskosten zu senken. \u00dcberpr\u00fcfungen durch Sachverst\u00e4ndige lassen sich effizient vorbereiten \u2013 mit einem Klick.<\/p>\n<\/div>\n<p><p>\n        <a href=\"\/demo-anfordern\/\">Jetzt Demo anfordern<\/a>\n    <\/p>\n<\/p>\n<h3>\u00dcberwachen auch Sie Ihre Industrieanlage<\/h3>\n<h4>W\u00e4hlen Sie Ihren Anlagetypen um mehr zu erfahren!<\/h4>\n<ul>\n<li>\n<p>        <img decoding=\"async\" src=\"\/wp-content\/uploads\/2025\/07\/SIUNIS_Icon_Kuelturm.svg\" alt=\"\"><\/p>\n<h5>K\u00fchlturm<\/h5>\n<p><a href=\"\/industrieanlagen\/kuehlturm\/\">Mehr erfahren<\/a><\/p>\n<\/li>\n<li>\n<p>        <img decoding=\"async\" src=\"\/wp-content\/uploads\/2025\/07\/SIUNIS_Icon_Kesselanlage.svg\" alt=\"\"><\/p>\n<h5>Kesselanlagen<\/h5>\n<p><a href=\"\/industrieanlagen\/kesselanlage\/\">Mehr erfahren<\/a><\/p>\n<\/li>\n<li>\n<p>        <img decoding=\"async\" src=\"\/wp-content\/uploads\/2025\/07\/SIUNIS_Icon_Klaerwerk.svg\" alt=\"\"><\/p>\n<h5>Kl\u00e4rwerk<\/h5>\n<p><a href=\"\/industrieanlagen\/klaerwerk\/\">Mehr erfahren<\/a><\/p>\n<\/li>\n<li>\n<p>        <img decoding=\"async\" src=\"\/wp-content\/uploads\/2025\/07\/SIUNIS_Icon_weitere.svg\" alt=\"\"><\/p>\n<h5>weitere<\/h5>\n<p><a href=\"\/industrieanlagen\/weitere\/\">Mehr erfahren<\/a><\/p>\n<\/li>\n<\/ul>\n<ul>\n<li>\n<h3>15 Jahre<\/h3>\n<div>Erfahrung mit digitalen Betriebstageb\u00fcchern<\/div>\n<\/li>\n<li>\n<h3>Vorreiter<\/h3>\n<div>bei der Digitalisierung von K\u00fchl- und Kesselanlagen<\/div>\n<\/li>\n<li>\n<h3>50+ Jahre<\/h3>\n<div>Erfahrung mit K\u00fchl- und Kesselanlagen weltweit<\/div>\n<\/li>\n<\/ul>\n<p><iframe src=\"https:\/\/www.youtube.com\/watch?v=V1r_1o-fgwg\"><\/iframe><\/p>\n<p><!--more--><br \/>\n<!-- {\"type\":\"layout\",\"children\":[{\"type\":\"section\",\"props\":{\"animation\":\"slide-left-medium\",\"animation_delay\":\"200\",\"css\":\"@media only screen and (max-width: 600px) {\\n  .el-section {\\n    max-height:300px;\\n  }\\n}\",\"height\":\"pixels\",\"height_viewport\":580,\"image\":\"wp-content\/uploads\/2025\/08\/SIUNIS_Header_betriebstagebuch_2.jpg\",\"image_position\":\"center-center\",\"image_size\":\"cover\",\"style\":\"default\",\"title_breakpoint\":\"xl\",\"title_position\":\"top-left\",\"title_rotation\":\"left\",\"vertical_align\":\"middle\",\"width\":\"\"},\"children\":[{\"type\":\"row\",\"children\":[{\"type\":\"column\",\"props\":{\"image_position\":\"center-center\",\"position_sticky_breakpoint\":\"m\"}}],\"props\":{\"width\":\"default\"}}],\"name\":\"Headerbild\"},{\"type\":\"section\",\"props\":{\"animation\":\"slide-left-medium\",\"animation_delay\":\"200\",\"image_position\":\"center-center\",\"padding_bottom\":\"none\",\"style\":\"default\",\"title_breakpoint\":\"xl\",\"title_position\":\"top-left\",\"title_rotation\":\"left\",\"vertical_align\":\"middle\",\"width\":\"default\"},\"children\":[{\"type\":\"row\",\"children\":[{\"type\":\"column\",\"props\":{\"image_position\":\"center-center\",\"position_sticky_breakpoint\":\"m\"},\"children\":[{\"type\":\"headline\",\"props\":{\"content\":\"<span>Anlagen-Monitoring f\u00fcr Industrieanlagen<\/span>\",\"content_en_gb\":\"<span>Plant monitoring for industrial plants<\/span>\",\"content_es_es\":\"Monitorizaci\u00f3n de instalaciones industriales\",\"content_fr_fr\":\"Surveillance des installations industrielles\",\"image_align\":\"left\",\"image_margin\":\"xsmall\",\"text_align\":\"center\",\"title_element\":\"h1\",\"title_style\":\"h3\"}},{\"type\":\"headline\",\"props\":{\"content\":\"Jede Anlage hat andere Routinen und Vorgaben \u2013 wir digitalisieren sie\",\"content_en_gb\":\"<span>Every system has different routines and specifications \u2013 we digitize them<\/span>\",\"content_es_es\":\"Cada instalaci\u00f3n tiene sus propias rutinas y especificaciones: nosotros las digitalizamos\",\"content_fr_fr\":\"Chaque installation a ses propres routines et sp\u00e9cifications \u2013 nous les num\u00e9risons\",\"image_align\":\"left\",\"image_margin\":\"xsmall\",\"margin_bottom\":\"medium\",\"margin_top\":\"remove\",\"text_align\":\"center\",\"title_element\":\"h2\"}}]}]}],\"name\":\"H1, H2\"},{\"type\":\"section\",\"props\":{\"animation\":\"slide-left-medium\",\"animation_delay\":\"200\",\"image_position\":\"center-center\",\"padding_bottom\":\"none\",\"padding_top\":\"small\",\"style\":\"default\",\"title_breakpoint\":\"xl\",\"title_position\":\"top-left\",\"title_rotation\":\"left\",\"vertical_align\":\"middle\",\"width\":\"default\"},\"children\":[{\"type\":\"row\",\"props\":{\"layout\":\"1-4,3-4\"},\"children\":[{\"type\":\"column\",\"props\":{\"image_position\":\"center-center\",\"position_sticky_breakpoint\":\"m\",\"width_large\":\"1-4\",\"width_medium\":\"1-3\",\"width_small\":\"1-2\"},\"children\":[{\"type\":\"panel\",\"props\":{\"content_column_breakpoint\":\"m\",\"image\":\"wp-content\/uploads\/2025\/06\/Dummy-Team.jpg\",\"image_align\":\"bottom\",\"image_border\":\"rounded\",\"image_grid_breakpoint\":\"m\",\"image_grid_width\":\"1-2\",\"image_margin\":\"small\",\"image_svg_color\":\"emphasis\",\"link_style\":\"default\",\"link_text\":\"Read more\",\"margin_bottom\":\"default\",\"margin_top\":\"default\",\"meta_align\":\"below-title\",\"meta_element\":\"div\",\"meta_style\":\"text-meta\",\"text_align\":\"center\",\"title\":\"Alexander Kirchner\",\"title_align\":\"top\",\"title_color\":\"primary\",\"title_element\":\"h6\",\"title_grid_breakpoint\":\"m\",\"title_grid_width\":\"1-2\",\"title_hover_style\":\"reset\"}},{\"type\":\"html\",\"props\":{\"class\":\"uk-text-center\",\"content\":\"\n\n<div class=\\\"uk-button-group\\\">\\n    <a href=\\\"tel:+49403176700\\\" class=\\\"uk-button uk-button-default uk-button-small uk-flex-inline uk-flex-center uk-flex-middle\\\">+49 40 31 76 700<\/a>\\n    \n\n<div class=\\\"uk-inline\\\">\\n        <a href=\\\"mailto:a.kirchner@siunis.de\\\" class=\\\"uk-button uk-button-default uk-button-small\\\" type=\\\"button\\\"><span uk-icon=\\\"icon: mail; ratio: 1.2\\\"><\/span><\/a>\\n    <\/div>\n\n\\n<\/div>\n\n\"},\"name\":\"Doppel-Link-Button\"}]},{\"type\":\"column\",\"props\":{\"image_position\":\"center-center\",\"position_sticky_breakpoint\":\"m\",\"width_large\":\"3-4\",\"width_medium\":\"2-3\",\"width_small\":\"1-2\"},\"children\":[{\"type\":\"text\",\"props\":{\"column_breakpoint\":\"m\",\"content\":\"\n\n<p><strong>Mit dem digitalen Betriebstagebuch von SIUNIS erfassen, dokumentieren und analysieren Sie die unterschiedlichsten Industrieanlagen. Dabei sind alle relevanten Anlagendaten gesetzeskonform strukturiert. Die Anforderungen jedes Analgentyps werden systematisch und effizient erf\u00fcllt.<\/strong><\/p>\n\n\\n\n\n<p>Die Web-Anwendung strukturiert Ihre gesamte Anlagendokumentation nach den Vorgaben der Beh\u00f6rden und unterschiedlichen Pr\u00fcfanforderungen. Pr\u00fcfintervalle, Messwerte und Aufgaben lassen sich leicht abarbeiten und l\u00fcckenlos dokumentieren.<\/p>\n\n\\n\n\n<p>Die Kombination aus automatisch und manuell erfassten Daten erm\u00f6glicht pr\u00e4zise Auswertungen sowie fundierte R\u00fcckschl\u00fcsse auf den Anlagenbetrieb. Fr\u00fchzeitig erkannte Abweichungen helfen dabei, Energie einzusparen und Betriebskosten zu senken. \u00dcberpr\u00fcfungen durch Sachverst\u00e4ndige lassen sich effizient vorbereiten \u2013 mit einem Klick.<\/p>\n\n\",\"content_en_gb\":\"\n\n<p><strong>With the SIUNIS digital plant logbook, you can record, document and analyze a wide variety of industrial plants. All relevant plant data is structured in accordance with the law. The requirements of each plant type are met systematically and efficiently. <\/strong><\/p>\n\n\\n\n\n<p>The web application structures your entire plant documentation according to the specifications of the authorities and various inspection requirements. Inspection intervals, measured values and tasks can be easily processed and seamlessly documented. The combination of automatically and manually recorded data enables precise evaluations and well-founded conclusions to be drawn about system operation.<\/p>\n\n\\n\n\n<p>Deviations detected at an early stage help to save energy and reduce operating costs. Inspections by experts can be prepared efficiently - with just one click. Translated with DeepL.com (free version)<\/p>\n\n\",\"content_es_es\":\"\n\n<p><strong>Con el diario de operaciones digital de SIUNIS, puede registrar, documentar y analizar una amplia variedad de instalaciones industriales. Todos los datos relevantes de la instalaci\u00f3n se estructuran de conformidad con la legislaci\u00f3n. Los requisitos de cada tipo de instalaci\u00f3n se cumplen de forma sistem\u00e1tica y eficiente.<\/strong><\/p>\n\n\\n\n\n<p>La aplicaci\u00f3n web estructura toda la documentaci\u00f3n de la instalaci\u00f3n de acuerdo con las especificaciones de las autoridades y los diferentes requisitos de inspecci\u00f3n. Los intervalos de inspecci\u00f3n, los valores medidos y las tareas se pueden procesar f\u00e1cilmente y documentar de forma completa.<\/p>\n\n\\n\n\n<p>La combinaci\u00f3n de datos registrados de forma autom\u00e1tica y manual permite realizar evaluaciones precisas y extraer conclusiones fundadas sobre el funcionamiento de la instalaci\u00f3n. Las desviaciones detectadas a tiempo ayudan a ahorrar energ\u00eda y a reducir los costes de funcionamiento. Las inspecciones por parte de expertos se pueden preparar de forma eficiente con un solo clic.<\/p>\n\n\",\"content_fr_fr\":\"\n\n<p><strong>Le journal d'exploitation num\u00e9rique de SIUNIS vous permet de saisir, documenter et analyser les installations industrielles les plus diverses. Toutes les donn\u00e9es pertinentes relatives aux installations sont structur\u00e9es conform\u00e9ment \u00e0 la l\u00e9gislation. Les exigences de chaque type d'installation sont satisfaites de mani\u00e8re syst\u00e9matique et efficace.<\/strong><\/p>\n\n\\n\n\n<p>L'application web structure l'ensemble de la documentation relative \u00e0 vos installations conform\u00e9ment aux prescriptions des autorit\u00e9s et aux diff\u00e9rentes exigences en mati\u00e8re de contr\u00f4le. Les intervalles de contr\u00f4le, les valeurs mesur\u00e9es et les t\u00e2ches peuvent \u00eatre facilement trait\u00e9s et document\u00e9s de mani\u00e8re exhaustive.<\/p>\n\n\\n\n\n<p>La combinaison de donn\u00e9es saisies automatiquement et manuellement permet des \u00e9valuations pr\u00e9cises et des conclusions fond\u00e9es sur le fonctionnement de l'installation. Les \u00e9carts d\u00e9tect\u00e9s \u00e0 un stade pr\u00e9coce contribuent \u00e0 \u00e9conomiser de l'\u00e9nergie et \u00e0 r\u00e9duire les co\u00fbts d'exploitation. Les contr\u00f4les par des experts peuvent \u00eatre pr\u00e9par\u00e9s efficacement, en un seul clic.<\/p>\n\n\",\"margin_bottom\":\"default\",\"margin_top\":\"default\"}},{\"type\":\"button\",\"props\":{\"grid_column_gap\":\"small\",\"grid_row_gap\":\"small\",\"margin_bottom\":\"medium\",\"margin_top\":\"medium\"},\"children\":[{\"type\":\"button_item\",\"props\":{\"button_style\":\"default\",\"content\":\"Jetzt Demo anfordern\",\"content_en_gb\":\"Request a demo now\",\"content_es_es\":\"Solicite una demostraci\u00f3n\",\"content_fr_fr\":\"Demander une d\u00e9monstration\",\"dialog_layout\":\"modal\",\"dialog_offcanvas_flip\":true,\"icon_align\":\"left\",\"link\":\"demo-anfordern\/\",\"link_en_gb\":\"en\/request-demo\/\",\"link_es_es\":\"es\/solicitar-una-demostracion\/\",\"link_fr_fr\":\"fr\/demander-une-demonstration\/\"}}]}]}]}],\"name\":\"1\/4 - 3\/4\"},{\"type\":\"section\",\"props\":{\"animation\":\"slide-left-medium\",\"animation_delay\":\"200\",\"image_position\":\"center-center\",\"style\":\"default\",\"title_breakpoint\":\"xl\",\"title_position\":\"top-left\",\"title_rotation\":\"left\",\"vertical_align\":\"middle\",\"width\":\"default\"},\"children\":[{\"type\":\"row\",\"children\":[{\"type\":\"column\",\"props\":{\"image_position\":\"center-center\",\"position_sticky_breakpoint\":\"m\"},\"children\":[{\"type\":\"headline\",\"props\":{\"content\":\"\u00dcberwachen auch Sie Ihre Industrieanlage\",\"content_en_gb\":\"Monitor your industrial plant \",\"content_es_es\":\"Supervise su instalaci\u00f3n industrial\",\"content_fr_fr\":\"Surveillez votre installation industrielle\",\"image_align\":\"left\",\"image_margin\":\"xsmall\",\"text_align\":\"center\",\"title_element\":\"h3\"}},{\"type\":\"headline\",\"props\":{\"content\":\"W\u00e4hlen Sie Ihren Anlagetypen um mehr zu erfahren!\",\"content_en_gb\":\"Select your plant type to find out more!\",\"content_es_es\":\"Seleccione su tipo de planta para obtener m\u00e1s informaci\u00f3n\",\"content_fr_fr\":\"S\u00e9lectionnez votre type d'installation pour en savoir plus !\",\"image_align\":\"left\",\"image_margin\":\"xsmall\",\"margin_bottom\":\"medium\",\"margin_top\":\"remove\",\"text_align\":\"center\",\"title_element\":\"h4\"}},{\"type\":\"grid\",\"props\":{\"animation\":\"fade\",\"content_column_breakpoint\":\"m\",\"content_margin_auto\":true,\"filter_align\":\"left\",\"filter_all\":true,\"filter_grid_breakpoint\":\"m\",\"filter_grid_width\":\"auto\",\"filter_position\":\"top\",\"filter_style\":\"tab\",\"grid_column_align\":false,\"grid_column_gap\":\"medium\",\"grid_default\":\"1\",\"grid_large\":\"4\",\"grid_medium\":\"2\",\"grid_parallax_justify\":true,\"grid_row_align\":false,\"grid_row_gap\":\"medium\",\"grid_small\":\"2\",\"image_align\":\"top\",\"image_grid_breakpoint\":\"m\",\"image_grid_width\":\"1-2\",\"image_height\":100,\"image_svg_animate\":false,\"image_svg_color\":\"emphasis\",\"image_svg_inline\":false,\"item_animation\":true,\"lightbox_bg_close\":true,\"link_fullwidth\":true,\"link_style\":\"default\",\"link_text\":\"Mehr erfahren\",\"margin_bottom\":\"large\",\"margin_top\":\"remove\",\"meta_align\":\"below-title\",\"meta_element\":\"div\",\"meta_margin_auto\":true,\"meta_style\":\"text-meta\",\"panel_image_no_padding\":false,\"panel_link\":true,\"panel_link_hover\":false,\"panel_padding\":\"default\",\"panel_style\":\"card-default\",\"show_content\":true,\"show_hover_image\":false,\"show_hover_video\":false,\"show_image\":true,\"show_link\":true,\"show_meta\":false,\"show_title\":true,\"show_video\":false,\"text_align\":\"center\",\"title_align\":\"top\",\"title_element\":\"h5\",\"title_grid_breakpoint\":\"m\",\"title_grid_width\":\"1-2\",\"title_hover_style\":\"reset\",\"title_margin_auto\":true},\"children\":[{\"type\":\"grid_item\",\"props\":{\"image\":\"wp-content\/uploads\/2025\/07\/SIUNIS_Icon_Kuelturm.svg\",\"link\":\"industrieanlagen\/kuehlturm\/\",\"link_en_gb\":\"\/en\/industrial-plants\/cooling-tower\/\",\"link_es_es\":\"es\/plantas-industriales\/torre-de-refrigeracion\/\",\"link_fr_fr\":\"fr\/installations-industrielles\/tour-de-refroidissement\/\",\"link_text_en_gb\":\"learn more\",\"link_text_es_es\":\"M\u00e1s informaci\u00f3n\",\"link_text_fr_fr\":\"En savoir plus\",\"title\":\"K\u00fchlturm\",\"title_en_gb\":\"Cooling tower\",\"title_es_es\":\"Torre de refrigeraci\u00f3n\",\"title_fr_fr\":\"Tour de refroidissement\"}},{\"type\":\"grid_item\",\"props\":{\"image\":\"wp-content\/uploads\/2025\/07\/SIUNIS_Icon_Kesselanlage.svg\",\"link\":\"industrieanlagen\/kesselanlage\/\",\"link_en_gb\":\"\/en\/industrial-plants\/boiler-systems\/\",\"link_es_es\":\"es\/plantas-industriales\/planta-de-calderas\/\",\"link_fr_fr\":\"fr\/installations-industrielles\/chaufferie\/\",\"link_text_en_gb\":\"learn more\",\"link_text_es_es\":\"M\u00e1s informaci\u00f3n\",\"link_text_fr_fr\":\"En savoir plus\",\"title\":\"Kesselanlagen\",\"title_en_gb\":\"Boiler plant\",\"title_es_es\":\"Planta de calderas\",\"title_fr_fr\":\"Chaudi\u00e8re\"}},{\"type\":\"grid_item\",\"props\":{\"image\":\"wp-content\/uploads\/2025\/07\/SIUNIS_Icon_Klaerwerk.svg\",\"link\":\"industrieanlagen\/klaerwerk\/\",\"link_en_gb\":\"\/en\/industrial-plants\/wastewater-treatment\/\",\"link_es_es\":\"es\/plantas-industriales\/planta-de-tratamiento-de-aguas-residuales\/\",\"link_fr_fr\":\"fr\/installations-industrielles\/station-depuration\/\",\"link_text_en_gb\":\"learn more\",\"link_text_es_es\":\"M\u00e1s informaci\u00f3n\",\"link_text_fr_fr\":\"En savoir plus\",\"title\":\"Kl\u00e4rwerk\",\"title_en_gb\":\"Sewage treatment plant\",\"title_es_es\":\"Planta depuradora\",\"title_fr_fr\":\"Station d'\u00e9puration\"}},{\"type\":\"grid_item\",\"props\":{\"image\":\"wp-content\/uploads\/2025\/07\/SIUNIS_Icon_weitere.svg\",\"link\":\"industrieanlagen\/weitere\/\",\"link_en_gb\":\"\/en\/industrial-plants\/other-plants\/\",\"link_es_es\":\"es\/plantas-industriales\/mas-informacion\/\",\"link_fr_fr\":\"fr\/installations-industrielles\/plus-dinformations\/\",\"link_text_en_gb\":\"learn more\",\"link_text_es_es\":\"M\u00e1s informaci\u00f3n\",\"link_text_fr_fr\":\"En savoir plus\",\"title\":\"weitere\",\"title_en_gb\":\"more\",\"title_es_es\":\"Otros\",\"title_fr_fr\":\"Autres\"}}]}]}]}],\"name\":\"\u00dcberwachen auch Sie Ihre Industrieanlage\"},{\"type\":\"section\",\"props\":{\"animation\":\"slide-left-medium\",\"animation_delay\":\"200\",\"image_position\":\"center-center\",\"style\":\"muted\",\"title_breakpoint\":\"xl\",\"title_position\":\"top-left\",\"title_rotation\":\"left\",\"vertical_align\":\"middle\",\"width\":\"default\"},\"children\":[{\"type\":\"row\",\"children\":[{\"type\":\"column\",\"props\":{\"image_position\":\"center-center\",\"position_sticky_breakpoint\":\"m\"},\"children\":[{\"type\":\"grid\",\"props\":{\"content_column_breakpoint\":\"m\",\"content_margin\":\"small\",\"content_style\":\"text-large\",\"filter_align\":\"left\",\"filter_all\":true,\"filter_grid_breakpoint\":\"m\",\"filter_grid_width\":\"auto\",\"filter_position\":\"top\",\"filter_style\":\"tab\",\"grid_default\":\"1\",\"grid_divider\":true,\"grid_medium\":\"3\",\"image_align\":\"top\",\"image_grid_breakpoint\":\"m\",\"image_grid_width\":\"1-2\",\"image_svg_color\":\"emphasis\",\"item_animation\":true,\"lightbox_bg_close\":true,\"link_style\":\"default\",\"link_text\":\"Read more\",\"margin_bottom\":\"default\",\"margin_top\":\"default\",\"meta_align\":\"below-title\",\"meta_element\":\"div\",\"meta_style\":\"text-meta\",\"show_content\":true,\"show_hover_image\":false,\"show_hover_video\":false,\"show_image\":false,\"show_link\":false,\"show_meta\":false,\"show_title\":true,\"show_video\":false,\"text_align\":\"center\",\"title_align\":\"top\",\"title_element\":\"h3\",\"title_grid_breakpoint\":\"m\",\"title_grid_width\":\"1-2\",\"title_hover_style\":\"reset\"},\"children\":[{\"type\":\"grid_item\",\"props\":{\"content\":\"Erfahrung mit digitalen Betriebstageb\u00fcchern\",\"content_en_gb\":\"experience with digital operating logs\",\"content_es_es\":\"de experiencia con diarios de operaciones digitales\",\"content_fr_fr\":\"d'exp\u00e9rience dans les journaux d'exploitation num\u00e9riques\",\"title\":\"15 Jahre\",\"title_en_gb\":\"15 years\",\"title_es_es\":\"15 a\u00f1os\",\"title_fr_fr\":\"15 ans\"}},{\"type\":\"grid_item\",\"props\":{\"content\":\"bei der Digitalisierung von K\u00fchl- und Kesselanlagen\",\"content_en_gb\":\"in the digitalization of cooling and boiler systems\",\"content_es_es\":\"en la digitalizaci\u00f3n de plantas de refrigeraci\u00f3n y calderas\",\"content_fr_fr\":\"dans la num\u00e9risation des installations de refroidissement et des chaudi\u00e8res\",\"title\":\"Vorreiter\",\"title_en_gb\":\"Pioneer\",\"title_es_es\":\"Pioneros\",\"title_fr_fr\":\"Pionnier\"}},{\"type\":\"grid_item\",\"props\":{\"content\":\"Erfahrung mit K\u00fchl- und Kesselanlagen weltweit\",\"content_en_gb\":\"experience with cooling and boiler systems worldwide\",\"content_es_es\":\"de experiencia con plantas de refrigeraci\u00f3n y calderas en todo el mundo\",\"content_fr_fr\":\"d'exp\u00e9rience dans les installations de refroidissement et les chaudi\u00e8res \u00e0 travers le monde\",\"title\":\"50+ Jahre\",\"title_en_gb\":\"50+ years\",\"title_es_es\":\"M\u00e1s de 50 a\u00f1os\",\"title_fr_fr\":\"Plus de 50 ans\"}}]},{\"type\":\"video\",\"props\":{\"margin_bottom\":\"large\",\"margin_top\":\"large\",\"text_align\":\"center\",\"video\":\"https:\/\/www.youtube.com\/watch?v=V1r_1o-fgwg\",\"video_controls\":true,\"video_loading\":\"lazy\",\"video_width\":740}}]}]}],\"name\":\"15 Jahre Vorreiter 50+ Jahre\"}],\"version\":\"5.0.23\"} --><\/p>\n","protected":false},"excerpt":{"rendered":"<p>Anlagen-Monitoring f\u00fcr Industrieanlagen Jede Anlage hat andere Routinen und Vorgaben \u2013 wir digitalisieren sie Alexander Kirchner +49 40 31 76 700 Mit dem digitalen Betriebstagebuch von SIUNIS erfassen, dokumentieren und analysieren Sie die unterschiedlichsten Industrieanlagen. Dabei sind alle relevanten Anlagendaten gesetzeskonform strukturiert. Die Anforderungen jedes Analgentyps werden systematisch und effizient erf\u00fcllt. Die Web-Anwendung strukturiert Ihre [&hellip;]<\/p>\n","protected":false},"author":3,"featured_media":0,"parent":0,"menu_order":0,"comment_status":"closed","ping_status":"closed","template":"","meta":{"footnotes":""},"class_list":["post-3875","page","type-page","status-publish","hentry"],"_links":{"self":[{"href":"https:\/\/www.siunis.de\/en\/wp-json\/wp\/v2\/pages\/3875","targetHints":{"allow":["GET"]}}],"collection":[{"href":"https:\/\/www.siunis.de\/en\/wp-json\/wp\/v2\/pages"}],"about":[{"href":"https:\/\/www.siunis.de\/en\/wp-json\/wp\/v2\/types\/page"}],"author":[{"embeddable":true,"href":"https:\/\/www.siunis.de\/en\/wp-json\/wp\/v2\/users\/3"}],"replies":[{"embeddable":true,"href":"https:\/\/www.siunis.de\/en\/wp-json\/wp\/v2\/comments?post=3875"}],"version-history":[{"count":123,"href":"https:\/\/www.siunis.de\/en\/wp-json\/wp\/v2\/pages\/3875\/revisions"}],"predecessor-version":[{"id":4744,"href":"https:\/\/www.siunis.de\/en\/wp-json\/wp\/v2\/pages\/3875\/revisions\/4744"}],"wp:attachment":[{"href":"https:\/\/www.siunis.de\/en\/wp-json\/wp\/v2\/media?parent=3875"}],"curies":[{"name":"wp","href":"https:\/\/api.w.org\/{rel}","templated":true}]}}